{"id":8373,"date":"2022-04-20T15:27:21","date_gmt":"2022-04-20T13:27:21","guid":{"rendered":"https:\/\/diasporascholarship.hu\/impressum\/"},"modified":"2026-02-18T16:38:23","modified_gmt":"2026-02-18T15:38:23","slug":"impresszum","status":"publish","type":"page","link":"https:\/\/diasporascholarship.hu\/hu\/impresszum\/","title":{"rendered":"Impresszum"},"content":{"rendered":"\n<style type=\"text\/css\" data-created_by=\"avia_inline_auto\" id=\"style-css-av-27nfuf-f9e1d9587779f9b8d385b33b031a26b5\">\n.flex_column.av-27nfuf-f9e1d9587779f9b8d385b33b031a26b5{\nborder-radius:0px 0px 0px 0px;\n-webkit-border-radius:0px 0px 0px 0px;\n-moz-border-radius:0px 0px 0px 0px;\npadding:50px 50px 50px 50px;\n}\n<\/style>\n<div class='flex_column av-27nfuf-f9e1d9587779f9b8d385b33b031a26b5 av_one_full  avia-builder-el-0  el_before_av_textblock  avia-builder-el-first  first flex_column_div '   ><style type=\"text\/css\" data-created_by=\"avia_inline_auto\" id=\"style-css-av-2wqyww-65756ea0daf7870a8abdb3120925ae1c\">\n#top .av-special-heading.av-2wqyww-65756ea0daf7870a8abdb3120925ae1c{\npadding-bottom:10px;\ncolor:#ee343e;\n}\nbody .av-special-heading.av-2wqyww-65756ea0daf7870a8abdb3120925ae1c .av-special-heading-tag .heading-char{\nfont-size:25px;\n}\n.av-special-heading.av-2wqyww-65756ea0daf7870a8abdb3120925ae1c .special-heading-inner-border{\nborder-color:#ee343e;\n}\n.av-special-heading.av-2wqyww-65756ea0daf7870a8abdb3120925ae1c .av-subheading{\nfont-size:15px;\n}\n<\/style>\n<div  class='av-special-heading av-2wqyww-65756ea0daf7870a8abdb3120925ae1c av-special-heading-h1 custom-color-heading  avia-builder-el-1  avia-builder-el-no-sibling '><h1 class='av-special-heading-tag'  itemprop=\"headline\"  >Impresszum<\/h1><div class=\"special-heading-border\"><div class=\"special-heading-inner-border\"><\/div><\/div><\/div><\/div>\n<section  class='av_textblock_section av-klaubzph-e7bbddb5fc29a774a9a871d7c7267291'  itemscope=\"itemscope\" itemtype=\"https:\/\/schema.org\/CreativeWork\" ><div class='avia_textblock'  itemprop=\"text\" ><h1>Szolg\u00e1ltat\u00f3<\/h1>\n<p>Szolg\u00e1ltat\u00f3 neve:\u00a0Tempus K\u00f6zalap\u00edtv\u00e1ny<\/p>\n<p>Sz\u00e9khely:\u00a01077 Budapest, K\u00e9thly Anna t\u00e9r 1.<\/p>\n<p>Postac\u00edm:\u00a01438 Budapest 70., Pf. 508.<\/p>\n<p>K\u00f6zponti telefon:\u00a0(+36 1) 237-1300<\/p>\n<p>\u00dcgyf\u00e9lszolg\u00e1lat:\u00a0(+36 1) 237-1320<\/p>\n<p>E-mail:\u202f<a class=\"keklink\" href=\"mailto:info@tpf.hu\">info@tpf.hu<\/a><\/p>\n<p>Ad\u00f3sz\u00e1m:\u202f18154180-2-42<\/p>\n<p>Nyilv\u00e1ntart\u00e1si sz\u00e1m:\u202f01-01-0006170\u00a0\u00a0(F\u0151v\u00e1rosi T\u00f6rv\u00e9nysz\u00e9k)<\/p>\n<p>A Tempus K\u00f6zalap\u00edtv\u00e1ny a feln\u0151ttk\u00e9pz\u00e9s rendszer\u00e9ben enged\u00e9lyeztetett k\u00e9pz\u0151int\u00e9zm\u00e9ny.<\/p>\n<p>Feln\u0151ttk\u00e9pz\u00e9si nyilv\u00e1ntart\u00e1si sz\u00e1m:\u00a0B\/2020\/002298<\/p>\n<p>Enged\u00e9lysz\u00e1m:\u00a0E\/2020\/000342<\/p>\n<\/div><\/section>\n<section  class='av_textblock_section av-l27m5ufx-03647a4896f81d3f799a504859b836ef'  itemscope=\"itemscope\" itemtype=\"https:\/\/schema.org\/CreativeWork\" ><div class='avia_textblock'  itemprop=\"text\" ><h2>Weboldal t\u00e1rhelyszolg\u00e1ltat\u00f3ja<\/h2>\n<p>T\u00e1rhelyszolg\u00e1ltat\u00f3 neve: GyapiNet Kereskedelmi \u00e9s Szolg\u00e1ltat\u00f3 Bt.<\/p>\n<p>Sz\u00e9khelye: 1113 Budapest, Vill\u00e1nyi \u00fat 22\/B<\/p>\n<p>Telefon:\u202f +36 30 530 9669<\/p>\n<p>Email:\u202f gyorgy.wagner@gyapinet.hu<\/p>\n<\/div><\/section>\n","protected":false},"excerpt":{"rendered":"","protected":false},"author":1,"featured_media":0,"parent":0,"menu_order":0,"comment_status":"closed","ping_status":"closed","template":"","meta":{"footnotes":""},"class_list":["post-8373","page","type-page","status-publish","hentry"],"_links":{"self":[{"href":"https:\/\/diasporascholarship.hu\/hu\/wp-json\/wp\/v2\/pages\/8373","targetHints":{"allow":["GET"]}}],"collection":[{"href":"https:\/\/diasporascholarship.hu\/hu\/wp-json\/wp\/v2\/pages"}],"about":[{"href":"https:\/\/diasporascholarship.hu\/hu\/wp-json\/wp\/v2\/types\/page"}],"author":[{"embeddable":true,"href":"https:\/\/diasporascholarship.hu\/hu\/wp-json\/wp\/v2\/users\/1"}],"replies":[{"embeddable":true,"href":"https:\/\/diasporascholarship.hu\/hu\/wp-json\/wp\/v2\/comments?post=8373"}],"version-history":[{"count":2,"href":"https:\/\/diasporascholarship.hu\/hu\/wp-json\/wp\/v2\/pages\/8373\/revisions"}],"predecessor-version":[{"id":16872,"href":"https:\/\/diasporascholarship.hu\/hu\/wp-json\/wp\/v2\/pages\/8373\/revisions\/16872"}],"wp:attachment":[{"href":"https:\/\/diasporascholarship.hu\/hu\/wp-json\/wp\/v2\/media?parent=8373"}],"curies":[{"name":"wp","href":"https:\/\/api.w.org\/{rel}","templated":true}]}}