{"id":5111,"date":"2023-07-27T15:15:07","date_gmt":"2023-07-27T13:15:07","guid":{"rendered":"http:\/\/diasporascholarship.hu\/?page_id=5111"},"modified":"2026-03-13T10:54:46","modified_gmt":"2026-03-13T09:54:46","slug":"programorszagok","status":"publish","type":"page","link":"https:\/\/diasporascholarship.hu\/hu\/programorszagok\/","title":{"rendered":"Programorsz\u00e1gok"},"content":{"rendered":"\n<style type=\"text\/css\" data-created_by=\"avia_inline_auto\" id=\"style-css-av-jhjlh3-1d6cf65605bf3560d32996758bb200d1\">\n.avia-section.av-jhjlh3-1d6cf65605bf3560d32996758bb200d1{\nbackground-color:#cdcdd1;\nmargin-top:0px;\nmargin-bottom:0px;\n}\n<\/style>\n<div id='av_section_1'  class='avia-section av-jhjlh3-1d6cf65605bf3560d32996758bb200d1 main_color avia-section-no-padding avia-no-border-styling  avia-builder-el-0  el_before_av_section  avia-builder-el-first  blackboldbox avia-bg-style-scroll container_wrap fullsize'  ><div class='container av-section-cont-open' ><main  role=\"main\" itemprop=\"mainContentOfPage\"  class='template-page content  av-content-full alpha units'><div class='post-entry post-entry-type-page post-entry-5111'><div class='entry-content-wrapper clearfix'>\n\n<style type=\"text\/css\" data-created_by=\"avia_inline_auto\" id=\"style-css-av-61vg7-1b24f2852afecc566efb0f66d5e12950\">\n#top .hr.hr-invisible.av-61vg7-1b24f2852afecc566efb0f66d5e12950{\nheight:30px;\n}\n<\/style>\n<div  class='hr av-61vg7-1b24f2852afecc566efb0f66d5e12950 hr-invisible  avia-builder-el-1  el_before_av_heading  avia-builder-el-first '><span class='hr-inner '><span class=\"hr-inner-style\"><\/span><\/span><\/div>\n\n<style type=\"text\/css\" data-created_by=\"avia_inline_auto\" id=\"style-css-av-mmnqgzs6-0141193a365badda0fe82df3a764e670\">\n#top .av-special-heading.av-mmnqgzs6-0141193a365badda0fe82df3a764e670{\npadding-bottom:0px;\ncolor:#333f48;\nfont-size:50px;\n}\nbody .av-special-heading.av-mmnqgzs6-0141193a365badda0fe82df3a764e670 .av-special-heading-tag .heading-char{\nfont-size:25px;\n}\n#top #wrap_all .av-special-heading.av-mmnqgzs6-0141193a365badda0fe82df3a764e670 .av-special-heading-tag{\nfont-size:50px;\n}\n.av-special-heading.av-mmnqgzs6-0141193a365badda0fe82df3a764e670 .special-heading-inner-border{\nborder-color:#333f48;\n}\n.av-special-heading.av-mmnqgzs6-0141193a365badda0fe82df3a764e670 .av-subheading{\nfont-size:15px;\n}\n<\/style>\n<div  class='av-special-heading av-mmnqgzs6-0141193a365badda0fe82df3a764e670 av-special-heading-h1 custom-color-heading blockquote modern-quote  avia-builder-el-2  el_after_av_hr  el_before_av_hr  av-thin-font av-inherit-size'><h1 class='av-special-heading-tag'  itemprop=\"headline\"  >A programban r\u00e9sztvev\u0151 <strong>orsz\u00e1gok \u00e9s ter\u00fcletek<\/strong><\/h1><div class=\"special-heading-border\"><div class=\"special-heading-inner-border\"><\/div><\/div><\/div>\n\n<style type=\"text\/css\" data-created_by=\"avia_inline_auto\" id=\"style-css-av-ggwufr-66a19b956fa597ec5da0a1701d644ef1\">\n#top .hr.hr-invisible.av-ggwufr-66a19b956fa597ec5da0a1701d644ef1{\nheight:50px;\n}\n<\/style>\n<div  class='hr av-ggwufr-66a19b956fa597ec5da0a1701d644ef1 hr-invisible  avia-builder-el-3  el_after_av_heading  el_before_av_textblock '><span class='hr-inner '><span class=\"hr-inner-style\"><\/span><\/span><\/div>\n\n<style type=\"text\/css\" data-created_by=\"avia_inline_auto\" id=\"style-css-av-mmnqhc6m-3920fb11626557ae8ed18de49a64ce01\">\n#top .av_textblock_section.av-mmnqhc6m-3920fb11626557ae8ed18de49a64ce01 .avia_textblock{\ncolor:#000000;\n}\n<\/style>\n<section  class='av_textblock_section av-mmnqhc6m-3920fb11626557ae8ed18de49a64ce01'  itemscope=\"itemscope\" itemtype=\"https:\/\/schema.org\/CreativeWork\" ><div class='avia_textblock av_inherit_color'  itemprop=\"text\" ><p>A program f\u00f6ldrajzi lefedetts\u00e9ge nagyon sz\u00e9lesk\u00f6r\u0171. Az Eur\u00f3pai Uni\u00f3 tag\u00e1llamai, a Szerb K\u00f6zt\u00e1rsas\u00e1g \u00e9s Ukrajna K\u00e1rp\u00e1talja megye kiv\u00e9tel\u00e9vel a vil\u00e1g b\u00e1rmely orsz\u00e1g\u00e1ban \u00e9l\u0151 magyar diaszp\u00f3ra k\u00f6z\u00f6ss\u00e9g tagjai sz\u00e1m\u00e1ra p\u00e1ly\u00e1zhat\u00f3 az \u00f6szt\u00f6nd\u00edj. Fontos, hogy a jelentkez\u0151k valamelyik programorsz\u00e1g \u00e1llampolg\u00e1rs\u00e1g\u00e1val is rendelkezzenek.<\/p>\n<p><strong>A p\u00e1ly\u00e1z\u00f3knak a programban r\u00e9szt vev\u0151 jogosult orsz\u00e1gok egyik\u00e9nek \u00e1llampolg\u00e1rs\u00e1g\u00e1val kell rendelkezni\u00fck.<\/strong><\/p>\n<\/div><\/section>\n\n<style type=\"text\/css\" data-created_by=\"avia_inline_auto\" id=\"style-css-av-e7roef-f7c02c24ba493a9522c38c699fcfefc7\">\n#top .hr.hr-invisible.av-e7roef-f7c02c24ba493a9522c38c699fcfefc7{\nheight:50px;\n}\n<\/style>\n<div  class='hr av-e7roef-f7c02c24ba493a9522c38c699fcfefc7 hr-invisible  avia-builder-el-5  el_after_av_textblock  avia-builder-el-last '><span class='hr-inner '><span class=\"hr-inner-style\"><\/span><\/span><\/div>\n\n<\/div><\/div><\/main><!-- close content main element --><\/div><\/div>\n<style type=\"text\/css\" data-created_by=\"avia_inline_auto\" id=\"style-css-av-c4bewn-2e4935fe195daa0ea94c79c28bcc0678\">\n.avia-section.av-c4bewn-2e4935fe195daa0ea94c79c28bcc0678{\nbackground-color:#333f48;\n}\n<\/style>\n<div id='av_section_2'  class='avia-section av-c4bewn-2e4935fe195daa0ea94c79c28bcc0678 main_color avia-section-large avia-no-border-styling  avia-builder-el-6  el_after_av_section  el_before_av_section  avia-bg-style-scroll container_wrap fullsize'  ><div class='container av-section-cont-open' ><div class='template-page content  av-content-full alpha units'><div class='post-entry post-entry-type-page post-entry-5111'><div class='entry-content-wrapper clearfix'>\n<div class='flex_column av-b2zypj-f73a8b25a9598b9df724d77a0daee2fb av_one_full  avia-builder-el-7  el_before_av_one_half  avia-builder-el-first  first flex_column_div '   ><style type=\"text\/css\" data-created_by=\"avia_inline_auto\" id=\"style-css-av-mmnqj7z6-639dc5b2313b28b5ceffe03820b33e81\">\n#top .av_textblock_section.av-mmnqj7z6-639dc5b2313b28b5ceffe03820b33e81 .avia_textblock{\ncolor:#ffffff;\n}\n<\/style>\n<section  class='av_textblock_section av-mmnqj7z6-639dc5b2313b28b5ceffe03820b33e81'  itemscope=\"itemscope\" itemtype=\"https:\/\/schema.org\/CreativeWork\" ><div class='avia_textblock av_inherit_color'  itemprop=\"text\" ><h1><strong>DIASZP\u00d3RA AJ\u00c1NL\u00d3LEV\u00c9L MEGSZERZ\u00c9SE<\/strong><\/h1>\n<p>A Diaszp\u00f3ra aj\u00e1nl\u00f3lev\u00e9l a p\u00e1ly\u00e1zat beny\u00fajt\u00e1s\u00e1hoz sz\u00fcks\u00e9ges dokumentum, melyet<\/p>\n<ul>\n<li style=\"list-style-type: none;\">\n<ul>\n<li><strong>a<\/strong> <strong>p\u00e1ly\u00e1z\u00f3 orsz\u00e1g\u00e1ban m\u0171k\u00f6d\u0151 magyar diaszp\u00f3raszervezet<\/strong>, vagy<\/li>\n<li><strong>magyar k\u00fclk\u00e9pviselet (nagyk\u00f6vets\u00e9g vagy konzul\u00e1tus)<\/strong> \u00e1ll\u00edthat ki.<\/li>\n<\/ul>\n<\/li>\n<\/ul>\n<p>Ezzel kapcsolatban \u00e9rdemes m\u00e1r 1-2 h\u00f3nappal a p\u00e1ly\u00e1zati hat\u00e1rid\u0151t megel\u0151z\u0151en felkeresni a diaszp\u00f3ra szervezeteket vagy k\u00fclk\u00e9pviseleteket.<\/p>\n<p>A helyi szervezetekkel \u00e9s k\u00e9pviseletekkel kapcsolatos tov\u00e1bbi inform\u00e1ci\u00f3\u00e9rt kattintson a lenti gombokra.<\/p>\n<\/div><\/section><\/div><div class='flex_column av-9jcksn-a1b7848e877a508c0a98a29655db396f av_one_half  avia-builder-el-9  el_after_av_one_full  el_before_av_one_half  first flex_column_div column-top-margin'   ><p><div  class='avia-button-wrap avia-button-center  avia-builder-el-10  el_before_av_textblock  avia-builder-el-first ' >\n<style type=\"text\/css\" data-created_by=\"avia_inline_auto\" id=\"style-css-av-mmnqjsdd-ba8e6d8f0660b8357d7b5d0dc1e16972\">\n#top #wrap_all .avia-button.av-mmnqjsdd-ba8e6d8f0660b8357d7b5d0dc1e16972{\nbackground-color:#ee343e;\nborder-color:#ee343e;\ntransition:all 0.4s ease-in-out;\n-webkit-transition:all 0.4s ease-in-out;\n-moz-transition:all 0.4s ease-in-out;\n-ms-transition:all 0.4s ease-in-out;\n-o-transition:all 0.4s ease-in-out;\n}\n#top #wrap_all .avia-button.av-mmnqjsdd-ba8e6d8f0660b8357d7b5d0dc1e16972:hover{\ncolor:white;\ntransition:all 0.4s ease-in-out;\n-webkit-transition:all 0.4s ease-in-out;\n-moz-transition:all 0.4s ease-in-out;\n-ms-transition:all 0.4s ease-in-out;\n-o-transition:all 0.4s ease-in-out;\n}\n<\/style>\n<a href=\"https:\/\/konzinfo.mfa.gov.hu\/en\/embassies#hungarian-embassies-abroad\" class=\"avia-font-color-theme-color avia-button avia-button-fullwidth av-mmnqjsdd-ba8e6d8f0660b8357d7b5d0dc1e16972 avia-icon_select-no avia-color-custom\" target=\"_blank\" rel=\"noopener noreferrer\"><span class='avia_iconbox_title' >Magyar k\u00fclk\u00e9pviseletek list\u00e1ja<\/span><span class='avia_button_background avia-button avia-button-fullwidth avia-color-theme-color-highlight'><\/span><\/a><\/div><br \/>\n\n<style type=\"text\/css\" data-created_by=\"avia_inline_auto\" id=\"style-css-av-mmnqk6th-5df09dae4d1613dccf6488ffb5adec65\">\n#top .av_textblock_section.av-mmnqk6th-5df09dae4d1613dccf6488ffb5adec65 .avia_textblock{\ncolor:#ffffff;\n}\n<\/style>\n<section  class='av_textblock_section av-mmnqk6th-5df09dae4d1613dccf6488ffb5adec65'  itemscope=\"itemscope\" itemtype=\"https:\/\/schema.org\/CreativeWork\" ><div class='avia_textblock av_inherit_color'  itemprop=\"text\" ><p style=\"text-align: center;\">A K\u00fclgazdas\u00e1gi \u00e9s K\u00fcl\u00fcgyminiszt\u00e9rium honlapj\u00e1ra ir\u00e1ny\u00edt tov\u00e1bb, ahonnan el\u00e9ri a k\u00fclk\u00e9pviseletek naprak\u00e9sz list\u00e1j\u00e1t \u00e9s el\u00e9rhet\u0151s\u00e9geit.<\/p>\n<\/div><\/section><\/p><\/div><div class='flex_column av-7bikaf-6518c42d64dd33435cc23746a4110a2b av_one_half  avia-builder-el-12  el_after_av_one_half  el_before_av_one_full  flex_column_div column-top-margin'   ><p><div  class='avia-button-wrap avia-button-center  avia-builder-el-13  el_before_av_textblock  avia-builder-el-first ' >\n<style type=\"text\/css\" data-created_by=\"avia_inline_auto\" id=\"style-css-av-mmnqjyio-4567ddb6db5cb26333f2f39c3c2e9d8b\">\n#top #wrap_all .avia-button.av-mmnqjyio-4567ddb6db5cb26333f2f39c3c2e9d8b{\nbackground-color:#ee343e;\nborder-color:#ee343e;\ntransition:all 0.4s ease-in-out;\n-webkit-transition:all 0.4s ease-in-out;\n-moz-transition:all 0.4s ease-in-out;\n-ms-transition:all 0.4s ease-in-out;\n-o-transition:all 0.4s ease-in-out;\n}\n#top #wrap_all .avia-button.av-mmnqjyio-4567ddb6db5cb26333f2f39c3c2e9d8b:hover{\ncolor:white;\ntransition:all 0.4s ease-in-out;\n-webkit-transition:all 0.4s ease-in-out;\n-moz-transition:all 0.4s ease-in-out;\n-ms-transition:all 0.4s ease-in-out;\n-o-transition:all 0.4s ease-in-out;\n}\n<\/style>\n<a href=\"https:\/\/diasporascholarship.hu\/wp-content\/uploads\/list_of_diaspora_organisations.xlsx\" class=\"avia-font-color-theme-color avia-button avia-button-fullwidth av-mmnqjyio-4567ddb6db5cb26333f2f39c3c2e9d8b avia-icon_select-no avia-color-custom\" target=\"_blank\" rel=\"noopener noreferrer\"><span class='avia_iconbox_title' >Magyar diaszp\u00f3raszervezetek list\u00e1ja <\/span><span class='avia_button_background avia-button avia-button-fullwidth avia-color-theme-color-highlight'><\/span><\/a><\/div><br \/>\n\n<style type=\"text\/css\" data-created_by=\"avia_inline_auto\" id=\"style-css-av-mmnqkh4f-f03828ac81aa781e50f8283227860090\">\n#top .av_textblock_section.av-mmnqkh4f-f03828ac81aa781e50f8283227860090 .avia_textblock{\ncolor:#ffffff;\n}\n<\/style>\n<section  class='av_textblock_section av-mmnqkh4f-f03828ac81aa781e50f8283227860090'  itemscope=\"itemscope\" itemtype=\"https:\/\/schema.org\/CreativeWork\" ><div class='avia_textblock av_inherit_color'  itemprop=\"text\" ><p style=\"text-align: center;\">T\u00e1j\u00e9koztat\u00f3 jelleg\u0171 lista a magyar diaszp\u00f3ra szervezetekr\u0151l.<\/p>\n<\/div><\/section><\/p><\/div><div class='flex_column av-58187r-17f9b18e63962065ed9510ec379b8a43 av_one_full  avia-builder-el-15  el_after_av_one_half  avia-builder-el-last  first flex_column_div column-top-margin'   ><style type=\"text\/css\" data-created_by=\"avia_inline_auto\" id=\"style-css-av-mmnqla04-0bbcd751e246b7559ac4a4109a47623e\">\n#top .av_textblock_section.av-mmnqla04-0bbcd751e246b7559ac4a4109a47623e .avia_textblock{\ncolor:#ffffff;\n}\n<\/style>\n<section  class='av_textblock_section av-mmnqla04-0bbcd751e246b7559ac4a4109a47623e'  itemscope=\"itemscope\" itemtype=\"https:\/\/schema.org\/CreativeWork\" ><div class='avia_textblock av_inherit_color'  itemprop=\"text\" ><p style=\"text-align: left;\">A diaszp\u00f3raszervezetek list\u00e1j\u00e1t id\u0151szakosan friss\u00edtj\u00fck, azonban nem tekinthet\u0151 \u00e1tfog\u00f3 felsorol\u00e1snak; egyed\u00fcli c\u00e9lja, hogy a p\u00e1ly\u00e1z\u00f3knak seg\u00edt\u0151 t\u00e1mpontot ny\u00fajtson. Amennyiben m\u00e1r ismer a k\u00f6zel\u00e9ben m\u0171k\u00f6d\u0151 diaszp\u00f3raszervezetet, k\u00e9rj\u00fck vel\u00fck vegye fel a kapcsolatot.<\/p>\n<\/div><\/section><\/div><\/div><\/div><\/div><!-- close content main div --><\/div><\/div>\n<style type=\"text\/css\" data-created_by=\"avia_inline_auto\" id=\"style-css-av-49p5rb-31680c299538cc1629add0538acc94ae\">\n.avia-section.av-49p5rb-31680c299538cc1629add0538acc94ae{\nbackground-color:#cdcdd1;\nmargin-top:0px;\nmargin-bottom:0px;\n}\n<\/style>\n<div id='av_section_3'  class='avia-section av-49p5rb-31680c299538cc1629add0538acc94ae main_color avia-section-no-padding avia-no-border-styling  avia-builder-el-17  el_after_av_section  avia-builder-el-last  blackboldbox avia-bg-style-scroll container_wrap fullsize'  ><div class='container av-section-cont-open' ><div class='template-page content  av-content-full alpha units'><div class='post-entry post-entry-type-page post-entry-5111'><div class='entry-content-wrapper clearfix'>\n\n<\/p>\n","protected":false},"excerpt":{"rendered":"","protected":false},"author":1,"featured_media":0,"parent":0,"menu_order":0,"comment_status":"closed","ping_status":"closed","template":"","meta":{"footnotes":""},"class_list":["post-5111","page","type-page","status-publish","hentry"],"_links":{"self":[{"href":"https:\/\/diasporascholarship.hu\/hu\/wp-json\/wp\/v2\/pages\/5111","targetHints":{"allow":["GET"]}}],"collection":[{"href":"https:\/\/diasporascholarship.hu\/hu\/wp-json\/wp\/v2\/pages"}],"about":[{"href":"https:\/\/diasporascholarship.hu\/hu\/wp-json\/wp\/v2\/types\/page"}],"author":[{"embeddable":true,"href":"https:\/\/diasporascholarship.hu\/hu\/wp-json\/wp\/v2\/users\/1"}],"replies":[{"embeddable":true,"href":"https:\/\/diasporascholarship.hu\/hu\/wp-json\/wp\/v2\/comments?post=5111"}],"version-history":[{"count":11,"href":"https:\/\/diasporascholarship.hu\/hu\/wp-json\/wp\/v2\/pages\/5111\/revisions"}],"predecessor-version":[{"id":16956,"href":"https:\/\/diasporascholarship.hu\/hu\/wp-json\/wp\/v2\/pages\/5111\/revisions\/16956"}],"wp:attachment":[{"href":"https:\/\/diasporascholarship.hu\/hu\/wp-json\/wp\/v2\/media?parent=5111"}],"curies":[{"name":"wp","href":"https:\/\/api.w.org\/{rel}","templated":true}]}}