{"id":5107,"date":"2020-10-27T07:14:03","date_gmt":"2020-10-27T06:14:03","guid":{"rendered":"http:\/\/diasporascholarship.hu\/?page_id=5107"},"modified":"2024-06-14T11:03:02","modified_gmt":"2024-06-14T09:03:02","slug":"hirek","status":"publish","type":"page","link":"https:\/\/diasporascholarship.hu\/hu\/hirek\/","title":{"rendered":"H\u00edrek"},"content":{"rendered":"\n<style type=\"text\/css\" data-created_by=\"avia_inline_auto\" id=\"style-css-av-71r893-e170407608e80c9988c1918257bbe089\">\n.avia-section.av-71r893-e170407608e80c9988c1918257bbe089{\nbackground-color:#a3cf62;\nbackground-repeat:no-repeat;\nbackground-image:url(https:\/\/diasporascholarship.hu\/wp-content\/uploads\/D_home_mission_alnyomat_5.png);\nbackground-position:100% 50%;\nbackground-attachment:scroll;\nmargin-top:20px;\nmargin-bottom:0px;\n}\n<\/style>\n<div id='av_section_1'  class='avia-section av-71r893-e170407608e80c9988c1918257bbe089 main_color avia-section-small avia-no-border-styling  avia-builder-el-0  el_before_av_one_full  avia-builder-el-first  avia-bg-style-scroll container_wrap fullsize'  data-section-bg-repeat='no-repeat'><div class='container av-section-cont-open' ><main  role=\"main\" itemprop=\"mainContentOfPage\"  class='template-page content  av-content-full alpha units'><div class='post-entry post-entry-type-page post-entry-5107'><div class='entry-content-wrapper clearfix'>\n<section  class='av_textblock_section av-l1yvxbh1-2139167098df504101960eb448f0d9a4'  itemscope=\"itemscope\" itemtype=\"https:\/\/schema.org\/CreativeWork\" ><div class='avia_textblock'  itemprop=\"text\" ><h1 style=\"font-size: 50px; font-weight: bold;\">H\u00edrek<\/h1>\n<\/div><\/section>\n\n<style type=\"text\/css\" data-created_by=\"avia_inline_auto\" id=\"style-css-av-kgjb7vdt-117040a1f539e5cfe26048ff9c8ece2f\">\n#top .hr.hr-invisible.av-kgjb7vdt-117040a1f539e5cfe26048ff9c8ece2f{\nmargin-top:0px;\nheight:1px;\n}\n<\/style>\n<div  class='hr av-kgjb7vdt-117040a1f539e5cfe26048ff9c8ece2f hr-invisible  avia-builder-el-2  el_after_av_textblock  el_before_av_portfolio  avia-builder-el-last '><span class='hr-inner '><span class=\"hr-inner-style\"><\/span><\/span><\/div>\n<div  id=\"av-sc-portfolio-1\"  class=' grid-sort-container isotope   no_margin-container with-excerpt-container grid-total-odd grid-col-1 grid-links-' data-portfolio-id='1'><div data-ajax-id='17063' class=' grid-entry flex_column isotope-item all_sort no_margin post-entry post-entry-17063 grid-entry-overview grid-loop-1 grid-parity-odd  post-entry-last  aktualis_sort  av_fullwidth first special_av_fullwidth '><article class='main_color inner-entry'  itemscope=\"itemscope\" itemtype=\"https:\/\/schema.org\/CreativeWork\" ><div class=\"av_table_col first portfolio-entry grid-content\"><header class=\"entry-content-header\"><h2 class='portfolio-grid-title entry-title '  itemprop=\"headline\" ><a href='https:\/\/diasporascholarship.hu\/hu\/hir\/megnyilt-a-jelentkezes-a-magyar-nyelvu-teljes-kepzesekre\/'>Megny\u00edlt a jelentkez\u00e9s a magyar nyelv\u0171 teljes k\u00e9pz\u00e9sekre!<\/a><\/h2><\/header><div class=\"entry-content-wrapper\"><div class='grid-entry-excerpt entry-content'  itemprop=\"text\" >Nyelvi el\u0151k\u00e9sz\u00edt\u0151re j\u00e1rsz, \u00e9s tanulm\u00e1nyaidat magyar nyelv\u0171 teljes k\u00e9pz\u00e9sben szeretn\u00e9d folytatni? Jelentkezz most! <p> <a href=\"https:\/\/diasporascholarship.hu\/hu\/hir\/megnyilt-a-jelentkezes-a-magyar-nyelvu-teljes-kepzesekre\/\" class=\"more-link\">Read more&hellip;<\/a> <\/p><\/div><\/div><div class=\"avia-arrow\"><\/div><\/div><div class=\"av_table_col portfolio-grid-image\"><a href=\"https:\/\/diasporascholarship.hu\/hu\/hir\/megnyilt-a-jelentkezes-a-magyar-nyelvu-teljes-kepzesekre\/\" title='Megny\u00edlt a jelentkez\u00e9s a magyar nyelv\u0171 teljes k\u00e9pz\u00e9sekre!'  data-rel='grid-1' class='grid-image avia-hover-fx'> <img decoding=\"async\" width=\"1030\" height=\"688\" src=\"https:\/\/diasporascholarship.hu\/wp-content\/uploads\/shutterstock_270757388-1030x688.jpg\" class=\"wp-image-17058 avia-img-lazy-loading-not-17058 attachment-large size-large wp-post-image\" alt=\"\" srcset=\"https:\/\/diasporascholarship.hu\/wp-content\/uploads\/shutterstock_270757388-1030x688.jpg 1030w, https:\/\/diasporascholarship.hu\/wp-content\/uploads\/shutterstock_270757388-300x200.jpg 300w, https:\/\/diasporascholarship.hu\/wp-content\/uploads\/shutterstock_270757388-768x513.jpg 768w, https:\/\/diasporascholarship.hu\/wp-content\/uploads\/shutterstock_270757388-391x260.jpg 391w, https:\/\/diasporascholarship.hu\/wp-content\/uploads\/shutterstock_270757388-1536x1025.jpg 1536w, https:\/\/diasporascholarship.hu\/wp-content\/uploads\/shutterstock_270757388-2048x1367.jpg 2048w, https:\/\/diasporascholarship.hu\/wp-content\/uploads\/shutterstock_270757388-1500x1001.jpg 1500w, https:\/\/diasporascholarship.hu\/wp-content\/uploads\/shutterstock_270757388-705x471.jpg 705w\" sizes=\"(max-width: 1030px) 100vw, 1030px\" \/><\/a><\/div><footer class=\"entry-footer\"><\/footer><\/article><\/div><\/div>\n<\/div><\/div><\/main><!-- close content main element --><\/div><\/div><div id='after_section_1'  class='main_color av_default_container_wrap container_wrap fullsize'  ><div class='container av-section-cont-open' ><div class='template-page content  av-content-full alpha units'><div class='post-entry post-entry-type-page post-entry-5107'><div class='entry-content-wrapper clearfix'>\n\n<style type=\"text\/css\" data-created_by=\"avia_inline_auto\" id=\"style-css-av-2s691t-bca80770182bcdbb8599bf5ccb66e5bc\">\n.flex_column.av-2s691t-bca80770182bcdbb8599bf5ccb66e5bc{\nborder-radius:0px 0px 0px 0px;\n-webkit-border-radius:0px 0px 0px 0px;\n-moz-border-radius:0px 0px 0px 0px;\n}\n<\/style>\n<div class='flex_column av-2s691t-bca80770182bcdbb8599bf5ccb66e5bc av_one_full  avia-builder-el-4  el_after_av_section  el_before_av_hr  avia-builder-el-first  first flex_column_div av-zero-column-padding '   ><div   data-autoplay=''  data-interval='5'  data-animation='fade'  data-show_slide_delay='90'  class='avia-content-slider avia-content-grid-active avia-content-slider1 avia-content-slider-odd  avia-builder-el-5  avia-builder-el-no-sibling  '  itemscope=\"itemscope\" itemtype=\"https:\/\/schema.org\/Blog\" ><div class='avia-content-slider-inner'><div class='slide-entry-wrap'><article class='slide-entry flex_column  post-entry post-entry-17047 slide-entry-overview slide-loop-1 slide-parity-odd  av_one_third first real-thumbnail post-format-standard'  itemscope=\"itemscope\" itemtype=\"https:\/\/schema.org\/CreativeWork\" ><a href='https:\/\/diasporascholarship.hu\/hu\/hir\/a-te-torteneted-szamit-felhivas-diaszpora-osztondijasoknak\/' data-rel='slide-1' class='slide-image' title='A TE T\u00d6RT\u00c9NETED SZ\u00c1M\u00cdT! FELH\u00cdV\u00c1S DIASZP\u00d3RA \u00d6SZT\u00d6ND\u00cdJASOKNAK'><img loading=\"lazy\" decoding=\"async\" width=\"495\" height=\"400\" src=\"https:\/\/diasporascholarship.hu\/wp-content\/uploads\/shutterstock_1097408837-495x400.jpg\" class=\"wp-image-17040 avia-img-lazy-loading-17040 attachment-portfolio size-portfolio wp-post-image\" alt=\"mosolygo_lany_biciklivel\" srcset=\"https:\/\/diasporascholarship.hu\/wp-content\/uploads\/shutterstock_1097408837-495x400.jpg 495w, https:\/\/diasporascholarship.hu\/wp-content\/uploads\/shutterstock_1097408837-845x684.jpg 845w\" sizes=\"auto, (max-width: 495px) 100vw, 495px\" \/><\/a><div class='slide-content'><header class=\"entry-content-header\"><h3 class='slide-entry-title entry-title '  itemprop=\"headline\" ><a href='https:\/\/diasporascholarship.hu\/hu\/hir\/a-te-torteneted-szamit-felhivas-diaszpora-osztondijasoknak\/' title='A TE T\u00d6RT\u00c9NETED SZ\u00c1M\u00cdT! FELH\u00cdV\u00c1S DIASZP\u00d3RA \u00d6SZT\u00d6ND\u00cdJASOKNAK'>A TE T\u00d6RT\u00c9NETED SZ\u00c1M\u00cdT! FELH\u00cdV\u00c1S DIASZP\u00d3RA \u00d6SZT\u00d6ND\u00cdJASOKNAK<\/a><\/h3><span class=\"av-vertical-delimiter\"><\/span><\/header><div class=\"slide-meta\"><time class='slide-meta-time updated'  itemprop=\"datePublished\" datetime=\"2026-04-13T12:02:11+02:00\" >2026.04.13.<\/time><\/div><div class='slide-entry-excerpt entry-content'  itemprop=\"text\" >Legy\u00e9l te a f\u0151szerepl\u0151 \u00e9s mutasd meg, milyen a hallgat\u00f3i \u00e9let Magyarorsz\u00e1gon! Olyan hallgat\u00f3kat keres\u00fcnk, akik a Diaszp\u00f3ra Fels\u0151oktat\u00e1si \u00d6szt\u00f6nd\u00edjjal tanulnak Magyarorsz\u00e1gon, \u00e9s sz\u00edvesen szerepeln\u00e9nek a program prom\u00f3ci\u00f3s vide\u00f3j\u00e1ban.<\/div><\/div><footer class=\"entry-footer\"><\/footer><span class='hidden'>\n\t\t\t\t<span class='av-structured-data'  itemprop=\"image\" itemscope=\"itemscope\" itemtype=\"https:\/\/schema.org\/ImageObject\" >\n\t\t\t\t\t\t<span itemprop='url'>https:\/\/diasporascholarship.hu\/wp-content\/uploads\/shutterstock_1097408837-scaled.jpg<\/span>\n\t\t\t\t\t\t<span itemprop='height'>1707<\/span>\n\t\t\t\t\t\t<span itemprop='width'>2560<\/span>\n\t\t\t\t<\/span>\n\t\t\t\t<span class='av-structured-data'  itemprop=\"publisher\" itemtype=\"https:\/\/schema.org\/Organization\" itemscope=\"itemscope\" >\n\t\t\t\t\t\t<span itemprop='name'>Bianka Toth<\/span>\n\t\t\t\t\t\t<span itemprop='logo' itemscope itemtype='https:\/\/schema.org\/ImageObject'>\n\t\t\t\t\t\t\t<span itemprop='url'>https:\/\/diasporascholarship.hu\/wp-content\/uploads\/Diaszpora_logo_H_kolor_hu.png<\/span>\n\t\t\t\t\t\t <\/span>\n\t\t\t\t<\/span><span class='av-structured-data'  itemprop=\"author\" itemscope=\"itemscope\" itemtype=\"https:\/\/schema.org\/Person\" ><span itemprop='name'>Bianka Toth<\/span><\/span><span class='av-structured-data'  itemprop=\"datePublished\" datetime=\"2020-10-27T07:14:03+01:00\" >2026-04-13 12:02:11<\/span><span class='av-structured-data'  itemprop=\"dateModified\" itemtype=\"https:\/\/schema.org\/dateModified\" >2026-04-13 12:02:11<\/span><span class='av-structured-data'  itemprop=\"mainEntityOfPage\" itemtype=\"https:\/\/schema.org\/mainEntityOfPage\" ><span itemprop='name'>A TE T\u00d6RT\u00c9NETED SZ\u00c1M\u00cdT! FELH\u00cdV\u00c1S DIASZP\u00d3RA \u00d6SZT\u00d6ND\u00cdJASOKNAK<\/span><\/span><\/span><\/article><article class='slide-entry flex_column  post-entry post-entry-16892 slide-entry-overview slide-loop-2 slide-parity-even  av_one_third  real-thumbnail post-format-standard'  itemscope=\"itemscope\" itemtype=\"https:\/\/schema.org\/CreativeWork\" ><a href='https:\/\/diasporascholarship.hu\/hu\/hir\/csak-par-nap-maradt-jelentkezz-a-nyari-egyetemekre\/' data-rel='slide-1' class='slide-image' title='CSAK P\u00c1R NAP MARADT: Jelentkezz a ny\u00e1ri egyetemekre!'><img loading=\"lazy\" decoding=\"async\" width=\"495\" height=\"400\" src=\"https:\/\/diasporascholarship.hu\/wp-content\/uploads\/Adobe-Express-file-9-495x400.jpg\" class=\"wp-image-16888 avia-img-lazy-loading-16888 attachment-portfolio size-portfolio wp-post-image\" alt=\"\" srcset=\"https:\/\/diasporascholarship.hu\/wp-content\/uploads\/Adobe-Express-file-9-495x400.jpg 495w, https:\/\/diasporascholarship.hu\/wp-content\/uploads\/Adobe-Express-file-9-845x684.jpg 845w\" sizes=\"auto, (max-width: 495px) 100vw, 495px\" \/><\/a><div class='slide-content'><header class=\"entry-content-header\"><h3 class='slide-entry-title entry-title '  itemprop=\"headline\" ><a href='https:\/\/diasporascholarship.hu\/hu\/hir\/csak-par-nap-maradt-jelentkezz-a-nyari-egyetemekre\/' title='CSAK P\u00c1R NAP MARADT: Jelentkezz a ny\u00e1ri egyetemekre!'>CSAK P\u00c1R NAP MARADT: Jelentkezz a ny\u00e1ri egyetemekre!<\/a><\/h3><span class=\"av-vertical-delimiter\"><\/span><\/header><div class=\"slide-meta\"><time class='slide-meta-time updated'  itemprop=\"datePublished\" datetime=\"2026-02-24T11:17:43+01:00\" >2026.02.24.<\/time><\/div><div class='slide-entry-excerpt entry-content'  itemprop=\"text\" >Ketyeg az \u00f3ra, de m\u00e9g van id\u0151d r\u00e1, hogy igaz\u00e1n felejthetetlenn\u00e9 tedd az idei nyarad. Add be a jelentkez\u00e9sedet m\u00e9g ma!<\/div><\/div><footer class=\"entry-footer\"><\/footer><span class='hidden'>\n\t\t\t\t<span class='av-structured-data'  itemprop=\"image\" itemscope=\"itemscope\" itemtype=\"https:\/\/schema.org\/ImageObject\" >\n\t\t\t\t\t\t<span itemprop='url'>https:\/\/diasporascholarship.hu\/wp-content\/uploads\/Adobe-Express-file-9-scaled.jpg<\/span>\n\t\t\t\t\t\t<span itemprop='height'>1707<\/span>\n\t\t\t\t\t\t<span itemprop='width'>2560<\/span>\n\t\t\t\t<\/span>\n\t\t\t\t<span class='av-structured-data'  itemprop=\"publisher\" itemtype=\"https:\/\/schema.org\/Organization\" itemscope=\"itemscope\" >\n\t\t\t\t\t\t<span itemprop='name'>Rox\u00e1na Kov\u00e1cs<\/span>\n\t\t\t\t\t\t<span itemprop='logo' itemscope itemtype='https:\/\/schema.org\/ImageObject'>\n\t\t\t\t\t\t\t<span itemprop='url'>https:\/\/diasporascholarship.hu\/wp-content\/uploads\/Diaszpora_logo_H_kolor_hu.png<\/span>\n\t\t\t\t\t\t <\/span>\n\t\t\t\t<\/span><span class='av-structured-data'  itemprop=\"author\" itemscope=\"itemscope\" itemtype=\"https:\/\/schema.org\/Person\" ><span itemprop='name'>Rox\u00e1na Kov\u00e1cs<\/span><\/span><span class='av-structured-data'  itemprop=\"datePublished\" datetime=\"2020-10-27T07:14:03+01:00\" >2026-02-24 11:17:43<\/span><span class='av-structured-data'  itemprop=\"dateModified\" itemtype=\"https:\/\/schema.org\/dateModified\" >2026-02-24 11:18:27<\/span><span class='av-structured-data'  itemprop=\"mainEntityOfPage\" itemtype=\"https:\/\/schema.org\/mainEntityOfPage\" ><span itemprop='name'>CSAK P\u00c1R NAP MARADT: Jelentkezz a ny\u00e1ri egyetemekre!<\/span><\/span><\/span><\/article><article class='slide-entry flex_column  post-entry post-entry-16817 slide-entry-overview slide-loop-3 slide-parity-odd  post-entry-last  av_one_third  real-thumbnail post-format-standard'  itemscope=\"itemscope\" itemtype=\"https:\/\/schema.org\/CreativeWork\" ><a href='https:\/\/diasporascholarship.hu\/hu\/hir\/what-happens-after-you-apply-key-milestones-in-the-hungarian-diaspora-scholarship-selection-process\/' data-rel='slide-1' class='slide-image' title='Jelentkez\u00e9s ut\u00e1n \u2013 A Diaszp\u00f3ra Fels\u0151oktat\u00e1si \u00d6szt\u00f6nd\u00edj kiv\u00e1laszt\u00e1si folyamat\u00e1nak k\u00f6vetkez\u0151 l\u00e9p\u00e9sei'><img loading=\"lazy\" decoding=\"async\" width=\"495\" height=\"400\" src=\"https:\/\/diasporascholarship.hu\/wp-content\/uploads\/AdobeStock_603239501-495x400.jpeg\" class=\"wp-image-16815 avia-img-lazy-loading-16815 attachment-portfolio size-portfolio wp-post-image\" alt=\"\" srcset=\"https:\/\/diasporascholarship.hu\/wp-content\/uploads\/AdobeStock_603239501-495x400.jpeg 495w, https:\/\/diasporascholarship.hu\/wp-content\/uploads\/AdobeStock_603239501-845x684.jpeg 845w\" sizes=\"auto, (max-width: 495px) 100vw, 495px\" \/><\/a><div class='slide-content'><header class=\"entry-content-header\"><h3 class='slide-entry-title entry-title '  itemprop=\"headline\" ><a href='https:\/\/diasporascholarship.hu\/hu\/hir\/what-happens-after-you-apply-key-milestones-in-the-hungarian-diaspora-scholarship-selection-process\/' title='Jelentkez\u00e9s ut\u00e1n \u2013 A Diaszp\u00f3ra Fels\u0151oktat\u00e1si \u00d6szt\u00f6nd\u00edj kiv\u00e1laszt\u00e1si folyamat\u00e1nak k\u00f6vetkez\u0151 l\u00e9p\u00e9sei'>Jelentkez\u00e9s ut\u00e1n \u2013 A Diaszp\u00f3ra Fels\u0151oktat\u00e1si \u00d6szt\u00f6nd\u00edj kiv\u00e1laszt\u00e1si folyamat\u00e1nak k\u00f6vetkez\u0151 l\u00e9p\u00e9sei<\/a><\/h3><span class=\"av-vertical-delimiter\"><\/span><\/header><div class=\"slide-meta\"><time class='slide-meta-time updated'  itemprop=\"datePublished\" datetime=\"2026-02-10T14:37:23+01:00\" >2026.02.10.<\/time><\/div><div class='slide-entry-excerpt entry-content'  itemprop=\"text\" >Gratul\u00e1lunk a Diaszp\u00f3ra Fels\u0151oktat\u00e1si \u00d6szt\u00f6nd\u00edjra beny\u00fajtott jelentkez\u00e9sedhez! A p\u00e1ly\u00e1zat sikeres bead\u00e1sa fontos m\u00e9rf\u00f6ldk\u0151, ugyanakkor egy t\u00f6bbl\u00e9pcs\u0151s kiv\u00e1laszt\u00e1si folyamat kezdete is. Az al\u00e1bbi \u00f6sszefoglal\u00f3 seg\u00edt eligazodni a jelentkez\u00e9st k\u00f6vet\u0151 szakaszokon \u00e9s hat\u00e1rid\u0151k\u00f6n.<\/div><\/div><footer class=\"entry-footer\"><\/footer><span class='hidden'>\n\t\t\t\t<span class='av-structured-data'  itemprop=\"image\" itemscope=\"itemscope\" itemtype=\"https:\/\/schema.org\/ImageObject\" >\n\t\t\t\t\t\t<span itemprop='url'>https:\/\/diasporascholarship.hu\/wp-content\/uploads\/AdobeStock_603239501-scaled.jpeg<\/span>\n\t\t\t\t\t\t<span itemprop='height'>1709<\/span>\n\t\t\t\t\t\t<span itemprop='width'>2560<\/span>\n\t\t\t\t<\/span>\n\t\t\t\t<span class='av-structured-data'  itemprop=\"publisher\" itemtype=\"https:\/\/schema.org\/Organization\" itemscope=\"itemscope\" >\n\t\t\t\t\t\t<span itemprop='name'>Vikt\u00f3ria Kiss<\/span>\n\t\t\t\t\t\t<span itemprop='logo' itemscope itemtype='https:\/\/schema.org\/ImageObject'>\n\t\t\t\t\t\t\t<span itemprop='url'>https:\/\/diasporascholarship.hu\/wp-content\/uploads\/Diaszpora_logo_H_kolor_hu.png<\/span>\n\t\t\t\t\t\t <\/span>\n\t\t\t\t<\/span><span class='av-structured-data'  itemprop=\"author\" itemscope=\"itemscope\" itemtype=\"https:\/\/schema.org\/Person\" ><span itemprop='name'>Vikt\u00f3ria Kiss<\/span><\/span><span class='av-structured-data'  itemprop=\"datePublished\" datetime=\"2020-10-27T07:14:03+01:00\" >2026-02-10 14:37:23<\/span><span class='av-structured-data'  itemprop=\"dateModified\" itemtype=\"https:\/\/schema.org\/dateModified\" >2026-02-10 14:46:39<\/span><span class='av-structured-data'  itemprop=\"mainEntityOfPage\" itemtype=\"https:\/\/schema.org\/mainEntityOfPage\" ><span itemprop='name'>Jelentkez\u00e9s ut\u00e1n \u2013 A Diaszp\u00f3ra Fels\u0151oktat\u00e1si \u00d6szt\u00f6nd\u00edj kiv\u00e1laszt\u00e1si folyamat\u00e1nak k\u00f6vetkez\u0151 l\u00e9p\u00e9sei<\/span><\/span><\/span><\/article><\/div><\/div><div class='pagination-wrap pagination-slider'><nav class='pagination'><span class='pagination-meta'>Oldal 1 t\u00f3l 38<\/span><span class='current'>1<\/span><a href='https:\/\/diasporascholarship.hu\/hu\/wp-json\/wp\/v2\/pages\/5107\/?avia-element-paging=2' class='inactive next_page' >2<\/a><a href='https:\/\/diasporascholarship.hu\/hu\/wp-json\/wp\/v2\/pages\/5107\/?avia-element-paging=3' class='inactive' >3<\/a><a href='https:\/\/diasporascholarship.hu\/hu\/wp-json\/wp\/v2\/pages\/5107\/?avia-element-paging=2'>&rsaquo;<\/a><a href='https:\/\/diasporascholarship.hu\/hu\/wp-json\/wp\/v2\/pages\/5107\/?avia-element-paging=38'>&raquo;<\/a><\/nav>\n<\/div><\/div><\/div>\n\n<style type=\"text\/css\" data-created_by=\"avia_inline_auto\" id=\"style-css-av-lepifyau-d9da8cccaba14dbb863b00adbe0b23ad\">\n#top .hr.hr-invisible.av-lepifyau-d9da8cccaba14dbb863b00adbe0b23ad{\nheight:100px;\n}\n<\/style>\n<div  class='hr av-lepifyau-d9da8cccaba14dbb863b00adbe0b23ad hr-invisible  avia-builder-el-6  el_after_av_one_full  avia-builder-el-last '><span class='hr-inner '><span class=\"hr-inner-style\"><\/span><\/span><\/div>\n","protected":false},"excerpt":{"rendered":"","protected":false},"author":1,"featured_media":0,"parent":0,"menu_order":0,"comment_status":"closed","ping_status":"closed","template":"","meta":{"footnotes":""},"class_list":["post-5107","page","type-page","status-publish","hentry"],"_links":{"self":[{"href":"https:\/\/diasporascholarship.hu\/hu\/wp-json\/wp\/v2\/pages\/5107","targetHints":{"allow":["GET"]}}],"collection":[{"href":"https:\/\/diasporascholarship.hu\/hu\/wp-json\/wp\/v2\/pages"}],"about":[{"href":"https:\/\/diasporascholarship.hu\/hu\/wp-json\/wp\/v2\/types\/page"}],"author":[{"embeddable":true,"href":"https:\/\/diasporascholarship.hu\/hu\/wp-json\/wp\/v2\/users\/1"}],"replies":[{"embeddable":true,"href":"https:\/\/diasporascholarship.hu\/hu\/wp-json\/wp\/v2\/comments?post=5107"}],"version-history":[{"count":1,"href":"https:\/\/diasporascholarship.hu\/hu\/wp-json\/wp\/v2\/pages\/5107\/revisions"}],"predecessor-version":[{"id":13356,"href":"https:\/\/diasporascholarship.hu\/hu\/wp-json\/wp\/v2\/pages\/5107\/revisions\/13356"}],"wp:attachment":[{"href":"https:\/\/diasporascholarship.hu\/hu\/wp-json\/wp\/v2\/media?parent=5107"}],"curies":[{"name":"wp","href":"https:\/\/api.w.org\/{rel}","templated":true}]}}