{"id":5093,"date":"2020-10-27T07:12:38","date_gmt":"2020-10-27T07:12:38","guid":{"rendered":"http:\/\/diasporascholarship.hu\/?page_id=5093"},"modified":"2025-02-27T11:00:14","modified_gmt":"2025-02-27T10:00:14","slug":"kapcsolat","status":"publish","type":"page","link":"https:\/\/diasporascholarship.hu\/hu\/kapcsolat\/","title":{"rendered":"Kapcsolat"},"content":{"rendered":"\n<style type=\"text\/css\" data-created_by=\"avia_inline_auto\" id=\"style-css-av-4aemj7-fe16075b99090609657ac972c33f0ac5\">\n.avia-section.av-4aemj7-fe16075b99090609657ac972c33f0ac5{\nbackground-color:#a3cf62;\nbackground-repeat:no-repeat;\nbackground-image:url(https:\/\/diasporascholarship.hu\/wp-content\/uploads\/D_home_mission_alnyomat_5.png);\nbackground-position:100% 0%;\nbackground-attachment:scroll;\n}\n<\/style>\n<div id='av_section_1'  class='avia-section av-4aemj7-fe16075b99090609657ac972c33f0ac5 main_color avia-section-large avia-no-border-styling  avia-builder-el-0  el_before_av_section  avia-builder-el-first  avia-bg-style-scroll container_wrap fullsize'  data-section-bg-repeat='no-repeat'><div class='container av-section-cont-open' ><main  role=\"main\" itemprop=\"mainContentOfPage\"  class='template-page content  av-content-full alpha units'><div class='post-entry post-entry-type-page post-entry-5093'><div class='entry-content-wrapper clearfix'>\n\n<style type=\"text\/css\" data-created_by=\"avia_inline_auto\" id=\"style-css-av-2d70vp-b63fa175062fa04793150126ca6a6be3\">\n#top .av-special-heading.av-2d70vp-b63fa175062fa04793150126ca6a6be3{\npadding-bottom:10px;\ncolor:#333f48;\nfont-size:50px;\n}\nbody .av-special-heading.av-2d70vp-b63fa175062fa04793150126ca6a6be3 .av-special-heading-tag .heading-char{\nfont-size:25px;\n}\n#top #wrap_all .av-special-heading.av-2d70vp-b63fa175062fa04793150126ca6a6be3 .av-special-heading-tag{\nfont-size:50px;\n}\n.av-special-heading.av-2d70vp-b63fa175062fa04793150126ca6a6be3 .special-heading-inner-border{\nborder-color:#333f48;\n}\n.av-special-heading.av-2d70vp-b63fa175062fa04793150126ca6a6be3 .av-subheading{\nfont-size:15px;\n}\n<\/style>\n<div  class='av-special-heading av-2d70vp-b63fa175062fa04793150126ca6a6be3 av-special-heading-h1 custom-color-heading blockquote modern-quote  avia-builder-el-1  el_before_av_one_half  avia-builder-el-first  av-thin-font av-inherit-size'><h1 class='av-special-heading-tag'  itemprop=\"headline\"  ><strong>Kapcsolat<\/strong><\/h1><div class=\"special-heading-border\"><div class=\"special-heading-inner-border\"><\/div><\/div><\/div>\n\n<style type=\"text\/css\" data-created_by=\"avia_inline_auto\" id=\"style-css-av-4licz7-3081b095ea83ad8e38e5aab87e5ea78c\">\n.flex_column.av-4licz7-3081b095ea83ad8e38e5aab87e5ea78c{\nborder-radius:0px 0px 0px 0px;\n-webkit-border-radius:0px 0px 0px 0px;\n-moz-border-radius:0px 0px 0px 0px;\n}\n<\/style>\n<div class='flex_column av-4licz7-3081b095ea83ad8e38e5aab87e5ea78c av_one_half  avia-builder-el-2  el_after_av_heading  el_before_av_one_half  first flex_column_div av-zero-column-padding '   ><p>\n<style type=\"text\/css\" data-created_by=\"avia_inline_auto\" id=\"style-css-av-kffc3wkr-5d79fafe3bbef1b8da23f4f225c877cc\">\n#top .av_textblock_section.av-kffc3wkr-5d79fafe3bbef1b8da23f4f225c877cc .avia_textblock{\nfont-size:18px;\n}\n<\/style>\n<section  class='av_textblock_section av-kffc3wkr-5d79fafe3bbef1b8da23f4f225c877cc'  itemscope=\"itemscope\" itemtype=\"https:\/\/schema.org\/CreativeWork\" ><div class='avia_textblock av_inherit_color'  itemprop=\"text\" ><p>Az oldal az \u00f6szt\u00f6nd\u00edjprogramhoz kapcsol\u00f3d\u00f3 legfontosabb \u00fcgyf\u00e9lszolg\u00e1lati inform\u00e1ci\u00f3kat tartalmazza.<\/p>\n<p>Az \u00fcgyf\u00e9lszolg\u00e1lat el\u00e9rhet\u0151s\u00e9gei mellett aj\u00e1nljuk figyelmedbe a Gyakran Ism\u00e9telt K\u00e9rd\u00e9sek gy\u0171jtem\u00e9ny\u00e9t is.<\/p>\n<\/div><\/section><br \/>\n\n<style type=\"text\/css\" data-created_by=\"avia_inline_auto\" id=\"style-css-av-5rnoat-73e8ebc53702448f311904e0a5172e91\">\n#top .avia-icon-list-container.av-5rnoat-73e8ebc53702448f311904e0a5172e91 .iconlist_icon{\ncolor:#666666;\n}\n#top #wrap_all .avia-icon-list-container.av-5rnoat-73e8ebc53702448f311904e0a5172e91 .av_iconlist_title{\ncolor:#666666;\n}\n.avia-icon-list-container.av-5rnoat-73e8ebc53702448f311904e0a5172e91 .iconlist_content{\ncolor:#666666;\n}\n<\/style>\n<div  class='avia-icon-list-container av-5rnoat-73e8ebc53702448f311904e0a5172e91  avia-builder-el-4  el_after_av_textblock  el_before_av_textblock '><ul class='avia-icon-list avia_animate_when_almost_visible avia-icon-list-left av-iconlist-small av-5rnoat-73e8ebc53702448f311904e0a5172e91 avia-iconlist-animate'>\n<li><div class='iconlist_icon av-3tavqt-3e39007f7ad8c3bf3037580bb6ff3c4e avia-font-entypo-fontello'><span class='iconlist-char' aria-hidden='true' data-av_icon='\ue90d' data-av_iconfont='entypo-fontello'><\/span><\/div><article class=\"article-icon-entry av-iconlist-empty\"  itemscope=\"itemscope\" itemtype=\"https:\/\/schema.org\/CreativeWork\" ><div class=\"iconlist_content_wrap\"><header class=\"entry-content-header\"><div class='av_iconlist_title iconlist_title_small  av_inherit_color'  itemprop=\"headline\" ><a href='skype:Diaspora Scholarship?call' title='Skype: Diaspora Scholarship'>Skype: Diaspora Scholarship<\/a><\/div><\/header><div class='iconlist_content av_inherit_color'  itemprop=\"text\" ><\/div><\/div><footer class=\"entry-footer\"><\/footer><\/article><div class=\"iconlist-timeline\"><\/div><\/li>\n<li><div class='iconlist_icon av-7flk5-020a5dc051a30cc43434eea25ebe58f1 avia-font-entypo-fontello'><span class='iconlist-char' aria-hidden='true' data-av_icon='\ue805' data-av_iconfont='entypo-fontello'><\/span><\/div><article class=\"article-icon-entry av-iconlist-empty\"  itemscope=\"itemscope\" itemtype=\"https:\/\/schema.org\/CreativeWork\" ><div class=\"iconlist_content_wrap\"><header class=\"entry-content-header\"><div class='av_iconlist_title iconlist_title_small  av_inherit_color'  itemprop=\"headline\" ><a href='mailto:diasporascholarship@tpf.hu' title='E-mail: diasporascholarship@tpf.hu'>E-mail: diasporascholarship@tpf.hu<\/a><\/div><\/header><div class='iconlist_content av_inherit_color'  itemprop=\"text\" ><\/div><\/div><footer class=\"entry-footer\"><\/footer><\/article><div class=\"iconlist-timeline\"><\/div><\/li>\n<\/ul><\/div><br \/>\n\n<style type=\"text\/css\" data-created_by=\"avia_inline_auto\" id=\"style-css-av-l0ux0s16-a325af15ccfede7dbf6f3a91a72482a7\">\n#top .av_textblock_section.av-l0ux0s16-a325af15ccfede7dbf6f3a91a72482a7 .avia_textblock{\nfont-size:18px;\n}\n<\/style>\n<section  class='av_textblock_section av-l0ux0s16-a325af15ccfede7dbf6f3a91a72482a7'  itemscope=\"itemscope\" itemtype=\"https:\/\/schema.org\/CreativeWork\" ><div class='avia_textblock av_inherit_color'  itemprop=\"text\" ><p>B\u00f6ng\u00e9ssz sz\u00e1mtalan el\u00e9rhet\u0151 k\u00e9pz\u00e9si program k\u00f6z\u00fcl, hogy megtal\u00e1ld a sz\u00e1modra legjobbat!<\/p>\n<\/div><\/section><br \/>\n<div  id=\"tell_more_fooldal\"  class='avia-button-wrap avia-button-center  avia-builder-el-6  el_after_av_textblock  avia-builder-el-last ' >\n<style type=\"text\/css\" data-created_by=\"avia_inline_auto\" id=\"style-css-av-m7n6b3nn-dc6b35f7e292277cb28287c087e9a626\">\n#top #wrap_all .avia-button.av-m7n6b3nn-dc6b35f7e292277cb28287c087e9a626{\nbackground-color:#ee343c;\nborder-color:#ee343c;\ncolor:#ffffff;\ntransition:all 0.4s ease-in-out;\n-webkit-transition:all 0.4s ease-in-out;\n-moz-transition:all 0.4s ease-in-out;\n-ms-transition:all 0.4s ease-in-out;\n-o-transition:all 0.4s ease-in-out;\n}\n#top #wrap_all .avia-button.av-m7n6b3nn-dc6b35f7e292277cb28287c087e9a626:hover{\ncolor:white;\ntransition:all 0.4s ease-in-out;\n-webkit-transition:all 0.4s ease-in-out;\n-moz-transition:all 0.4s ease-in-out;\n-ms-transition:all 0.4s ease-in-out;\n-o-transition:all 0.4s ease-in-out;\n}\n<\/style>\n<a href='https:\/\/apply.diasporascholarship.hu\/courses\/search\/'  class='avia-button av-m7n6b3nn-dc6b35f7e292277cb28287c087e9a626 avia-icon_select-no avia-size-large avia-position-center' ><span class='avia_iconbox_title' >El\u00e9rhet\u0151 k\u00e9pz\u00e9sek<\/span><span class='avia_button_background avia-button avia-color-theme-color-highlight' ><\/span><\/a><\/div><\/p><\/div>\n<style type=\"text\/css\" data-created_by=\"avia_inline_auto\" id=\"style-css-av-2cmu5v-7256e8eabba4a905a530ed35792cacc2\">\n.flex_column.av-2cmu5v-7256e8eabba4a905a530ed35792cacc2{\nborder-radius:0px 0px 0px 0px;\n-webkit-border-radius:0px 0px 0px 0px;\n-moz-border-radius:0px 0px 0px 0px;\n}\n<\/style>\n<div class='flex_column av-2cmu5v-7256e8eabba4a905a530ed35792cacc2 av_one_half  avia-builder-el-7  el_after_av_one_half  avia-builder-el-last  flex_column_div av-zero-column-padding '   ><style type=\"text\/css\" data-created_by=\"avia_inline_auto\" id=\"style-css-av-kffc8b90-552c8515a51b2bf5dad4dbc851b162a7\">\n.iconbox.av-kffc8b90-552c8515a51b2bf5dad4dbc851b162a7 .iconbox_icon{\nbackground-color:#ee343c;\n}\n<\/style>\n<article  class='iconbox iconbox_top av-kffc8b90-552c8515a51b2bf5dad4dbc851b162a7  avia-builder-el-8  avia-builder-el-no-sibling  main_color'  itemscope=\"itemscope\" itemtype=\"https:\/\/schema.org\/CreativeWork\" ><div class=\"iconbox_content\"><header class=\"entry-content-header\"><div class=\"iconbox_icon heading-color\" aria-hidden='true' data-av_icon='\ue81f' data-av_iconfont='entypo-fontello'><\/div><h3 class='iconbox_content_title '  itemprop=\"headline\" >Inf\u00f3vonal<\/h3><\/header><div class='iconbox_content_container '  itemprop=\"text\" ><p class=\"phone\">+36 (1) 236 5045<\/p>\n<p>H\u00e9t-Cs\u00fct: 8:30-17:00 (CET)<\/p>\n<p>P\u00e9ntek: 8:30-14:30 (CET)<\/p>\n<\/div><\/div><footer class=\"entry-footer\"><\/footer><\/article><\/div><\/div><\/div><\/main><!-- close content main element --><\/div><\/div><div id='av_section_2'  class='avia-section av-71r893-4813280bffdcf356611e1cc63d625be7 main_color avia-section-large avia-no-border-styling  avia-builder-el-9  el_after_av_section  el_before_av_section  av-desktop-hide av-medium-hide av-small-hide av-mini-hide avia-bg-style-scroll container_wrap fullsize'  ><div class='container av-section-cont-open' ><div class='template-page content  av-content-full alpha units'><div class='post-entry post-entry-type-page post-entry-5093'><div class='entry-content-wrapper clearfix'>\n\n<style type=\"text\/css\" data-created_by=\"avia_inline_auto\" id=\"style-css-av-16emhlv-bbe0dcfa9ef685c4aaee293af3b46c89\">\n#top .av-special-heading.av-16emhlv-bbe0dcfa9ef685c4aaee293af3b46c89{\npadding-bottom:10px;\ncolor:#333f48;\nfont-size:50px;\n}\nbody .av-special-heading.av-16emhlv-bbe0dcfa9ef685c4aaee293af3b46c89 .av-special-heading-tag .heading-char{\nfont-size:25px;\n}\n#top #wrap_all .av-special-heading.av-16emhlv-bbe0dcfa9ef685c4aaee293af3b46c89 .av-special-heading-tag{\nfont-size:50px;\n}\n.av-special-heading.av-16emhlv-bbe0dcfa9ef685c4aaee293af3b46c89 .special-heading-inner-border{\nborder-color:#333f48;\n}\n.av-special-heading.av-16emhlv-bbe0dcfa9ef685c4aaee293af3b46c89 .av-subheading{\nfont-size:18px;\n}\n<\/style>\n<div  class='av-special-heading av-16emhlv-bbe0dcfa9ef685c4aaee293af3b46c89 av-special-heading-h1 custom-color-heading blockquote modern-quote  avia-builder-el-10  el_before_av_three_fourth  avia-builder-el-first  av-thin-font av-inherit-size'><h1 class='av-special-heading-tag'  itemprop=\"headline\"  >Our <strong>colleagues<\/strong><\/h1><div class=\"special-heading-border\"><div class=\"special-heading-inner-border\"><\/div><\/div><\/div>\n\n<style type=\"text\/css\" data-created_by=\"avia_inline_auto\" id=\"style-css-av-4kgunr-39af9ab3e10336696a1381f5e08d8fb3\">\n.flex_column.av-4kgunr-39af9ab3e10336696a1381f5e08d8fb3{\nborder-radius:0px 0px 0px 0px;\n-webkit-border-radius:0px 0px 0px 0px;\n-moz-border-radius:0px 0px 0px 0px;\n}\n<\/style>\n<div class='flex_column av-4kgunr-39af9ab3e10336696a1381f5e08d8fb3 av_three_fourth  avia-builder-el-11  el_after_av_heading  el_before_av_one_fourth  first flex_column_div av-zero-column-padding '   ><div class='avia-data-table-wrap av-1a17pfn-e76d4bbe2b0787ffb8d295b7e2403f56 avia_responsive_table avia-table-1'><table  class='avia-table avia-data-table avia_pricing_default  avia-builder-el-12  avia-builder-el-no-sibling '  itemscope=\"itemscope\" itemtype=\"https:\/\/schema.org\/Table\" ><tbody><tr class='avia-heading-row'><th class=''>Name<\/th><th class=''>Email<\/th><th class=''>Sending Partners<\/th><\/tr><tr class=''><td class=''>Klaudia BOROS<\/td><td class=''>klaudia.boros@tpf.hu<\/td><td class=''>Jordan, The State of Palestine, Iran, Israel, Lebanon, Kuwait, Yemen<\/td><\/tr><tr class=''><td class=''>Attila FARKAS<\/td><td class=''>attila.farkas@tpf.hu<\/td><td class=''>South Korea, Egypt, Iraq, Japan, Kurdistan Region, Syria<\/td><\/tr><tr class=''><td class=''>Rita F\u00dcL\u00d6P<\/td><td class=''>rita.fulop@tpf.hu<\/td><td class=''>China, China-Hudec, Cambodia, Lao People&#8217;s Democratic Republic, Mongolia, Vietnam<\/td><\/tr><tr class=''><td class=''>Szilvia KELEMEN<\/td><td class=''>szilvia.kelemen@tpf.hu<\/td><td class=''>Albania, Argentina, Bosnia and Herzegovina, Brazil, Pacific Alliance, Ecuador, Colombia, Kosovo, Cuba, Macedonia, Montenegro, Mexico, Paraguay, Serbia, Turkey, Uruguay<\/td><\/tr><tr class=''><td class=''>Kitti N\u00c9METH<\/td><td class=''>kitti.nemeth@tpf.hu<\/td><td class=''>Bangladesh, The Philippines, India, Indonesia, Malaysia, Myanmar, Pakistan, Singapore, Thailand<\/td><\/tr><\/tbody><\/table><\/div><style type='text\/css'>.avia-table-1 td:nth-of-type(1):before { content: 'Name'; } .avia-table-1 td:nth-of-type(2):before { content: 'Email'; } .avia-table-1 td:nth-of-type(3):before { content: 'Sending Partners'; } <\/style><\/div>\n<style type=\"text\/css\" data-created_by=\"avia_inline_auto\" id=\"style-css-av-3symir-3141863ae0ab62eae5bbbcc41f10f487\">\n.flex_column.av-3symir-3141863ae0ab62eae5bbbcc41f10f487{\nborder-radius:0px 0px 0px 0px;\n-webkit-border-radius:0px 0px 0px 0px;\n-moz-border-radius:0px 0px 0px 0px;\n}\n<\/style>\n<div class='flex_column av-3symir-3141863ae0ab62eae5bbbcc41f10f487 av_one_fourth  avia-builder-el-13  el_after_av_three_fourth  avia-builder-el-last  flex_column_div av-zero-column-padding '   ><style type=\"text\/css\" data-created_by=\"avia_inline_auto\" id=\"style-css-av-2ac3rn-9da2fe28dee9a28ff9803c3439edd9ef\">\n.avia-image-container.av-2ac3rn-9da2fe28dee9a28ff9803c3439edd9ef .av-image-caption-overlay-center{\ncolor:#ffffff;\n}\n<\/style>\n<div  class='avia-image-container av-2ac3rn-9da2fe28dee9a28ff9803c3439edd9ef av-styling- avia-align-center  avia-builder-el-14  avia-builder-el-no-sibling '  itemprop=\"image\" itemscope=\"itemscope\" itemtype=\"https:\/\/schema.org\/ImageObject\" ><div class=\"avia-image-container-inner\"><div class=\"avia-image-overlay-wrap\"><img decoding=\"async\" class='wp-image-3475 avia-img-lazy-loading-not-3475 avia_image' src=\"https:\/\/diasporascholarship.hu\/wp-content\/uploads\/Ipsita-Laha.png\" alt='' title='Ipsita-Laha'  height=\"572\" width=\"437\"  itemprop=\"thumbnailUrl\" srcset=\"https:\/\/diasporascholarship.hu\/wp-content\/uploads\/Ipsita-Laha.png 437w, https:\/\/diasporascholarship.hu\/wp-content\/uploads\/Ipsita-Laha-229x300.png 229w, https:\/\/diasporascholarship.hu\/wp-content\/uploads\/Ipsita-Laha-15x20.png 15w\" sizes=\"(max-width: 437px) 100vw, 437px\" \/><\/div><\/div><\/div><\/div>\n<\/p>\n<\/div><\/div><\/div><!-- close content main div --><\/div><\/div>\n<style type=\"text\/css\" data-created_by=\"avia_inline_auto\" id=\"style-css-av-71r893-05e4c1fecde324793a3f727f183c7445\">\n.avia-section.av-71r893-05e4c1fecde324793a3f727f183c7445{\nbackground-color:#333f48;\n}\n<\/style>\n<div id='av_section_3'  class='avia-section av-71r893-05e4c1fecde324793a3f727f183c7445 main_color avia-section-large avia-no-border-styling  avia-builder-el-15  el_after_av_section  el_before_av_section  avia-bg-style-scroll container_wrap fullsize'  ><div class='container av-section-cont-open' ><div class='template-page content  av-content-full alpha units'><div class='post-entry post-entry-type-page post-entry-5093'><div class='entry-content-wrapper clearfix'>\n\n<style type=\"text\/css\" data-created_by=\"avia_inline_auto\" id=\"style-css-av-kgtf1xel-e7d1242aae7d2a5670b6a5eb083d973e\">\n#top .av-special-heading.av-kgtf1xel-e7d1242aae7d2a5670b6a5eb083d973e{\npadding-bottom:10px;\ncolor:#f0f0eb;\nfont-size:50px;\n}\nbody .av-special-heading.av-kgtf1xel-e7d1242aae7d2a5670b6a5eb083d973e .av-special-heading-tag .heading-char{\nfont-size:25px;\n}\n#top #wrap_all .av-special-heading.av-kgtf1xel-e7d1242aae7d2a5670b6a5eb083d973e .av-special-heading-tag{\nfont-size:50px;\n}\n.av-special-heading.av-kgtf1xel-e7d1242aae7d2a5670b6a5eb083d973e .special-heading-inner-border{\nborder-color:#f0f0eb;\n}\n.av-special-heading.av-kgtf1xel-e7d1242aae7d2a5670b6a5eb083d973e .av-subheading{\nfont-size:18px;\n}\n<\/style>\n<div  class='av-special-heading av-kgtf1xel-e7d1242aae7d2a5670b6a5eb083d973e av-special-heading-h1 custom-color-heading blockquote modern-quote  avia-builder-el-16  el_before_av_one_full  avia-builder-el-first  av-thin-font av-inherit-size'><h1 class='av-special-heading-tag'  itemprop=\"headline\"  ><strong>Nyitvatart\u00e1s<\/strong><\/h1><div class=\"special-heading-border\"><div class=\"special-heading-inner-border\"><\/div><\/div><\/div>\n\n<style type=\"text\/css\" data-created_by=\"avia_inline_auto\" id=\"style-css-av-4kgunr-39af9ab3e10336696a1381f5e08d8fb3\">\n.flex_column.av-4kgunr-39af9ab3e10336696a1381f5e08d8fb3{\nborder-radius:0px 0px 0px 0px;\n-webkit-border-radius:0px 0px 0px 0px;\n-moz-border-radius:0px 0px 0px 0px;\n}\n<\/style>\n<div class='flex_column av-4kgunr-39af9ab3e10336696a1381f5e08d8fb3 av_one_full  avia-builder-el-17  el_after_av_heading  avia-builder-el-last  first flex_column_div av-zero-column-padding '   ><style type=\"text\/css\" data-created_by=\"avia_inline_auto\" id=\"style-css-av-kffc3wkr-64fd37ed80d530dc920ab2feaeb45acb\">\n#top .av_textblock_section.av-kffc3wkr-64fd37ed80d530dc920ab2feaeb45acb .avia_textblock{\ncolor:#f0f0eb;\n}\n<\/style>\n<section  class='av_textblock_section av-kffc3wkr-64fd37ed80d530dc920ab2feaeb45acb'  itemscope=\"itemscope\" itemtype=\"https:\/\/schema.org\/CreativeWork\" ><div class='avia_textblock av_inherit_color'  itemprop=\"text\" ><div class=\"container-fluid bg-red container--intro\">\n<div class=\"row\">\n<div class=\"col-12 col-md-6 order-lg-0 pr-lg-3 pr-xl-4 order-lg-0\">\n<p class=\"block-text text-grey\">Kedves \u00dcgyfeleink!<br \/>\nT\u00e1j\u00e9koztatjuk \u00d6n\u00f6ket, hogy a COVID-19 j\u00e1rv\u00e1ny miatt a Tempus K\u00f6zalap\u00edtv\u00e1ny Study in Hungary egys\u00e9g\u00e9nek szem\u00e9lyes \u00fcgyf\u00e9lfogad\u00e1s\u00e1t \u00e1tmeneti id\u0151re felf\u00fcggesztett\u00fck.<br \/>\nK\u00e9rj\u00fck, a k\u00e9rd\u00e9seiket els\u0151sorban emailben vagy telefonon tegy\u00e9k fel az al\u00e1bbi telefonos vagy email el\u00e9rhet\u0151s\u00e9geinken.<br \/>\n\u2022 e-mail: <a href=\"mailto:diasporascholarship@tpf.hu\">diasporascholarship@tpf.hu<\/a><br \/>\n\u2022 telefon: <a href=\"tel:+36 1 236 5045\">+36 1 236 5045<\/a>.<br \/>\nMeg\u00e9rt\u00e9s\u00fcket k\u00f6sz\u00f6nj\u00fck!<\/p>\n<\/div>\n<\/div>\n<\/div>\n<div class=\"container-fluid container--stories\"><\/div>\n<\/div><\/section><\/div>\n\n<\/div><\/div><\/div><!-- close content main div --><\/div><\/div>\n<style type=\"text\/css\" data-created_by=\"avia_inline_auto\" id=\"style-css-av-71r893-58eeb2a13ca37bfe018f345e31a63fb6\">\n.avia-section.av-71r893-58eeb2a13ca37bfe018f345e31a63fb6{\nbackground-color:#a3cf62;\n}\n<\/style>\n<div id='av_section_4'  class='avia-section av-71r893-58eeb2a13ca37bfe018f345e31a63fb6 main_color avia-section-large avia-no-border-styling  avia-builder-el-19  el_after_av_section  avia-builder-el-last  avia-bg-style-scroll container_wrap fullsize'  ><div class='container av-section-cont-open' ><div class='template-page content  av-content-full alpha units'><div class='post-entry post-entry-type-page post-entry-5093'><div class='entry-content-wrapper clearfix'>\n\n<style type=\"text\/css\" data-created_by=\"avia_inline_auto\" id=\"style-css-av-kvtksqk3-156df94efcb019ddc6f8b29d6f0ff6cc\">\n#top .av-special-heading.av-kvtksqk3-156df94efcb019ddc6f8b29d6f0ff6cc{\npadding-bottom:10px;\ncolor:#f0f0eb;\nfont-size:50px;\n}\nbody .av-special-heading.av-kvtksqk3-156df94efcb019ddc6f8b29d6f0ff6cc .av-special-heading-tag .heading-char{\nfont-size:25px;\n}\n#top #wrap_all .av-special-heading.av-kvtksqk3-156df94efcb019ddc6f8b29d6f0ff6cc .av-special-heading-tag{\nfont-size:50px;\n}\n.av-special-heading.av-kvtksqk3-156df94efcb019ddc6f8b29d6f0ff6cc .special-heading-inner-border{\nborder-color:#f0f0eb;\n}\n.av-special-heading.av-kvtksqk3-156df94efcb019ddc6f8b29d6f0ff6cc .av-subheading{\nfont-size:18px;\n}\n<\/style>\n<div  class='av-special-heading av-kvtksqk3-156df94efcb019ddc6f8b29d6f0ff6cc av-special-heading-h1 custom-color-heading blockquote modern-quote  avia-builder-el-20  el_before_av_one_half  avia-builder-el-first  av-thin-font av-inherit-size'><h1 class='av-special-heading-tag'  itemprop=\"headline\"  ><strong>M\u00e9dia<\/strong><\/h1><div class=\"special-heading-border\"><div class=\"special-heading-inner-border\"><\/div><\/div><\/div>\n\n<style type=\"text\/css\" data-created_by=\"avia_inline_auto\" id=\"style-css-av-3njmbp-904db9acea85a014f45b6c0085f7ed3f\">\n.flex_column.av-3njmbp-904db9acea85a014f45b6c0085f7ed3f{\nborder-radius:0px 0px 0px 0px;\n-webkit-border-radius:0px 0px 0px 0px;\n-moz-border-radius:0px 0px 0px 0px;\n}\n<\/style>\n<div class='flex_column av-3njmbp-904db9acea85a014f45b6c0085f7ed3f av_one_half  avia-builder-el-21  el_after_av_heading  el_before_av_one_half  first flex_column_div av-zero-column-padding '   ><style type=\"text\/css\" data-created_by=\"avia_inline_auto\" id=\"style-css-av-kffc3wkr-e5056be6a5bcabd42370a1653b9028ed\">\n#top .av_textblock_section.av-kffc3wkr-e5056be6a5bcabd42370a1653b9028ed .avia_textblock{\ncolor:#f0f0eb;\n}\n<\/style>\n<section  class='av_textblock_section av-kffc3wkr-e5056be6a5bcabd42370a1653b9028ed'  itemscope=\"itemscope\" itemtype=\"https:\/\/schema.org\/CreativeWork\" ><div class='avia_textblock av_inherit_color'  itemprop=\"text\" ><div class=\"container-fluid bg-red container--intro\">\n<div class=\"row\">\n<div class=\"col-12 col-md-6 order-lg-0 pr-lg-3 pr-xl-4 order-lg-0\">\n<p class=\"block-text text-grey\">M\u00e9dia oldalunkon tal\u00e1lhat\u00f3 anyagok szabadon felhaszn\u00e1lhat\u00f3ak az \u00d6szt\u00f6nd\u00edjprogram n\u00e9pszer\u0171s\u00edt\u00e9se \u00e9rdek\u00e9ben.<\/p>\n<\/div>\n<\/div>\n<\/div>\n<div class=\"container-fluid container--stories\"><\/div>\n<\/div><\/section><\/div>\n<style type=\"text\/css\" data-created_by=\"avia_inline_auto\" id=\"style-css-av-1wqlpx-d42dc395c243f32e89283e14ce6aff79\">\n.flex_column.av-1wqlpx-d42dc395c243f32e89283e14ce6aff79{\nborder-radius:0px 0px 0px 0px;\n-webkit-border-radius:0px 0px 0px 0px;\n-moz-border-radius:0px 0px 0px 0px;\n}\n<\/style>\n<div class='flex_column av-1wqlpx-d42dc395c243f32e89283e14ce6aff79 av_one_half  avia-builder-el-23  el_after_av_one_half  avia-builder-el-last  flex_column_div av-zero-column-padding '   ><div  class='avia-button-wrap avia-button-center  avia-builder-el-24  avia-builder-el-no-sibling ' >\n<style type=\"text\/css\" data-created_by=\"avia_inline_auto\" id=\"style-css-av-kvtkuhcq-789028fef264deff382fe6d155a88865\">\n#top #wrap_all .avia-button.av-kvtkuhcq-789028fef264deff382fe6d155a88865:hover{\nbackground-color:#333f48;\ncolor:#ffffff;\ntransition:all 0.4s ease-in-out;\n-webkit-transition:all 0.4s ease-in-out;\n-moz-transition:all 0.4s ease-in-out;\n-ms-transition:all 0.4s ease-in-out;\n-o-transition:all 0.4s ease-in-out;\n}\n<\/style>\n<a href='http:\/\/diasporascholarship.hu\/media\/?swcfpc=1' class='avia-color-theme-color avia-font-color-theme-color avia-button avia-button-fullwidth av-kvtkuhcq-789028fef264deff382fe6d155a88865 avia-icon_select-no avia-color-theme-color' target=\"_blank\" rel=\"noopener noreferrer\"><span class='avia_iconbox_title' >M\u00e9dia<\/span><\/a><\/div><\/div>\n\n","protected":false},"excerpt":{"rendered":"","protected":false},"author":1,"featured_media":0,"parent":0,"menu_order":0,"comment_status":"closed","ping_status":"closed","template":"","meta":{"footnotes":""},"class_list":["post-5093","page","type-page","status-publish","hentry"],"_links":{"self":[{"href":"https:\/\/diasporascholarship.hu\/hu\/wp-json\/wp\/v2\/pages\/5093","targetHints":{"allow":["GET"]}}],"collection":[{"href":"https:\/\/diasporascholarship.hu\/hu\/wp-json\/wp\/v2\/pages"}],"about":[{"href":"https:\/\/diasporascholarship.hu\/hu\/wp-json\/wp\/v2\/types\/page"}],"author":[{"embeddable":true,"href":"https:\/\/diasporascholarship.hu\/hu\/wp-json\/wp\/v2\/users\/1"}],"replies":[{"embeddable":true,"href":"https:\/\/diasporascholarship.hu\/hu\/wp-json\/wp\/v2\/comments?post=5093"}],"version-history":[{"count":2,"href":"https:\/\/diasporascholarship.hu\/hu\/wp-json\/wp\/v2\/pages\/5093\/revisions"}],"predecessor-version":[{"id":15213,"href":"https:\/\/diasporascholarship.hu\/hu\/wp-json\/wp\/v2\/pages\/5093\/revisions\/15213"}],"wp:attachment":[{"href":"https:\/\/diasporascholarship.hu\/hu\/wp-json\/wp\/v2\/media?parent=5093"}],"curies":[{"name":"wp","href":"https:\/\/api.w.org\/{rel}","templated":true}]}}