{"id":13786,"date":"2024-09-11T10:47:55","date_gmt":"2024-09-11T08:47:55","guid":{"rendered":"https:\/\/diasporascholarship.hu\/?page_id=13786"},"modified":"2024-09-11T16:29:17","modified_gmt":"2024-09-11T14:29:17","slug":"learning-hungarian-previous-documents","status":"publish","type":"page","link":"https:\/\/diasporascholarship.hu\/hu\/learning-hungarian-previous-documents\/","title":{"rendered":"Learning Hungarian \u2013 Previous documents"},"content":{"rendered":"<div class='flex_column av-or5wv2-7373cd1637af373810b3716e75ac8b1f av_one_full  avia-builder-el-0  el_before_av_one_third  avia-builder-el-first  first flex_column_div '   ><style type=\"text\/css\" data-created_by=\"avia_inline_auto\" id=\"style-css-av-4jxlffe-d83a0e9c0baefe54b0b38fd2a226d26f\">\n#top .av_textblock_section.av-4jxlffe-d83a0e9c0baefe54b0b38fd2a226d26f .avia_textblock{\ncolor:#f0f0eb;\n}\n<\/style>\n<section  class='av_textblock_section av-4jxlffe-d83a0e9c0baefe54b0b38fd2a226d26f'  itemscope=\"itemscope\" itemtype=\"https:\/\/schema.org\/CreativeWork\" ><div class='avia_textblock av_inherit_color'  itemprop=\"text\" ><p>A <strong>KKM Magyar Diplom\u00e1ciai Akad\u00e9mia Kft. \u00e1ltal biztos\u00edtott szintfelm\u00e9r\u0151<\/strong> remek lehet\u0151s\u00e9g, hogy hivatalosan is igazold magyar nyelvtud\u00e1sodat. Ha magyar \u00e1llampolg\u00e1rs\u00e1ggal is rendelkezel \u00e9s emiatt nem tudsz hivatalos nyelvvizsg\u00e1t tenni magyar mint idegennyelvb\u0151l, ez a szintfelm\u00e9r\u0151 az egyetlen m\u00f3dja, hogy igazold nyelvtud\u00e1sod.<\/p>\n<p>A szintfelm\u00e9r\u0151 \u00e9vente k\u00e9t alkalommal, j\u00faniusban \u00e9s decemberben \u00e9rhet\u0151 el, jelentkezni pedig a Magyar Diplom\u00e1ciai Akad\u00e9mia honlapj\u00e1n kereszt\u00fcl tudsz.<\/p>\n<\/div><\/section><\/div>\n\n<style type=\"text\/css\" data-created_by=\"avia_inline_auto\" id=\"style-css-av-43yvp6i-2f9570cc98587c3681bac8c6b6c8b30a\">\n#top .flex_column.av-43yvp6i-2f9570cc98587c3681bac8c6b6c8b30a{\nmargin-top:0px;\nmargin-bottom:30px;\n}\n.responsive #top #wrap_all .flex_column.av-43yvp6i-2f9570cc98587c3681bac8c6b6c8b30a{\nmargin-top:0px;\nmargin-bottom:30px;\n}\n<\/style>\n<div class='flex_column av-43yvp6i-2f9570cc98587c3681bac8c6b6c8b30a av_one_third  avia-builder-el-2  el_after_av_one_full  el_before_av_one_third  first flex_column_div column-top-margin'   ><div  class='avia-button-wrap avia-button-center  avia-builder-el-3  avia-builder-el-no-sibling ' >\n<style type=\"text\/css\" data-created_by=\"avia_inline_auto\" id=\"style-css-av-30vaosa-96d7f409ea2c133e8be5b62c9baf2c93\">\n#top #wrap_all .avia-button.av-30vaosa-96d7f409ea2c133e8be5b62c9baf2c93{\nbackground-color:#f0f0eb;\nborder-color:#f0f0eb;\ncolor:#333f48;\ntransition:all 0.4s ease-in-out;\n-webkit-transition:all 0.4s ease-in-out;\n-moz-transition:all 0.4s ease-in-out;\n-ms-transition:all 0.4s ease-in-out;\n-o-transition:all 0.4s ease-in-out;\n}\n#top #wrap_all .avia-button.av-30vaosa-96d7f409ea2c133e8be5b62c9baf2c93:hover{\nbackground-color:#a3cf62;\ncolor:white;\ntransition:all 0.4s ease-in-out;\n-webkit-transition:all 0.4s ease-in-out;\n-moz-transition:all 0.4s ease-in-out;\n-ms-transition:all 0.4s ease-in-out;\n-o-transition:all 0.4s ease-in-out;\n}\n<\/style>\n<a href='https:\/\/diasporascholarship.hu\/wp-content\/uploads\/Nyelvi_szintfelmero_tajekoztato_HU.pdf' class='avia-button avia-button-fullwidth av-30vaosa-96d7f409ea2c133e8be5b62c9baf2c93 avia-icon_select-no avia-color-custom' target=\"_blank\" rel=\"noopener noreferrer\"><span class='avia_iconbox_title' >T\u00c1J\u00c9KOZTAT\u00d3<\/span><\/a><\/div><\/div>\n\n<style type=\"text\/css\" data-created_by=\"avia_inline_auto\" id=\"style-css-av-2fgrhoa-0b1637f5ea48e3a6ca4d10c279f9654b\">\n#top .flex_column.av-2fgrhoa-0b1637f5ea48e3a6ca4d10c279f9654b{\nmargin-top:0px;\nmargin-bottom:30px;\n}\n.responsive #top #wrap_all .flex_column.av-2fgrhoa-0b1637f5ea48e3a6ca4d10c279f9654b{\nmargin-top:0px;\nmargin-bottom:30px;\n}\n<\/style>\n<div class='flex_column av-2fgrhoa-0b1637f5ea48e3a6ca4d10c279f9654b av_one_third  avia-builder-el-4  el_after_av_one_third  el_before_av_one_third  flex_column_div column-top-margin'   ><div  class='avia-button-wrap avia-button-center  avia-builder-el-5  avia-builder-el-no-sibling ' >\n<style type=\"text\/css\" data-created_by=\"avia_inline_auto\" id=\"style-css-av-m0xyduwx-cc6b93d3c1a284899aeaf7198c27c2ec\">\n#top #wrap_all .avia-button.av-m0xyduwx-cc6b93d3c1a284899aeaf7198c27c2ec{\nbackground-color:#f0f0eb;\nborder-color:#f0f0eb;\ncolor:#333f48;\ntransition:all 0.4s ease-in-out;\n-webkit-transition:all 0.4s ease-in-out;\n-moz-transition:all 0.4s ease-in-out;\n-ms-transition:all 0.4s ease-in-out;\n-o-transition:all 0.4s ease-in-out;\n}\n#top #wrap_all .avia-button.av-m0xyduwx-cc6b93d3c1a284899aeaf7198c27c2ec:hover{\nbackground-color:#a3cf62;\ncolor:white;\ntransition:all 0.4s ease-in-out;\n-webkit-transition:all 0.4s ease-in-out;\n-moz-transition:all 0.4s ease-in-out;\n-ms-transition:all 0.4s ease-in-out;\n-o-transition:all 0.4s ease-in-out;\n}\n<\/style>\n<a href='https:\/\/diasporascholarship.hu\/wp-content\/uploads\/Tajekoztato_melleklet.pdf' class='avia-button avia-button-fullwidth av-m0xyduwx-cc6b93d3c1a284899aeaf7198c27c2ec avia-icon_select-no avia-color-custom' target=\"_blank\" rel=\"noopener noreferrer\"><span class='avia_iconbox_title' >MELL\u00c9KLET<\/span><\/a><\/div><\/div>\n\n<style type=\"text\/css\" data-created_by=\"avia_inline_auto\" id=\"style-css-av-1gqu29m-6ca2574730ccb82d1eaa14e3534f5fbb\">\n#top .flex_column.av-1gqu29m-6ca2574730ccb82d1eaa14e3534f5fbb{\nmargin-top:0px;\nmargin-bottom:30px;\n}\n.responsive #top #wrap_all .flex_column.av-1gqu29m-6ca2574730ccb82d1eaa14e3534f5fbb{\nmargin-top:0px;\nmargin-bottom:30px;\n}\n<\/style>\n<div class='flex_column av-1gqu29m-6ca2574730ccb82d1eaa14e3534f5fbb av_one_third  avia-builder-el-6  el_after_av_one_third  el_before_av_one_third  flex_column_div column-top-margin'   ><div  class='avia-button-wrap avia-button-center  avia-builder-el-7  avia-builder-el-no-sibling ' >\n<style type=\"text\/css\" data-created_by=\"avia_inline_auto\" id=\"style-css-av-m0xyfsh1-559b4f61f87547ae5c4af3c41af7e747\">\n#top #wrap_all .avia-button.av-m0xyfsh1-559b4f61f87547ae5c4af3c41af7e747{\nbackground-color:#f0f0eb;\nborder-color:#f0f0eb;\ncolor:#333f48;\ntransition:all 0.4s ease-in-out;\n-webkit-transition:all 0.4s ease-in-out;\n-moz-transition:all 0.4s ease-in-out;\n-ms-transition:all 0.4s ease-in-out;\n-o-transition:all 0.4s ease-in-out;\n}\n#top #wrap_all .avia-button.av-m0xyfsh1-559b4f61f87547ae5c4af3c41af7e747:hover{\nbackground-color:#a3cf62;\ncolor:white;\ntransition:all 0.4s ease-in-out;\n-webkit-transition:all 0.4s ease-in-out;\n-moz-transition:all 0.4s ease-in-out;\n-ms-transition:all 0.4s ease-in-out;\n-o-transition:all 0.4s ease-in-out;\n}\n<\/style>\n<a href='https:\/\/diasporascholarship.hu\/wp-content\/uploads\/Nyelvi_szintfelmero_szabalyzat_HU.pdf' class='avia-button avia-button-fullwidth av-m0xyfsh1-559b4f61f87547ae5c4af3c41af7e747 avia-icon_select-no avia-color-custom' target=\"_blank\" rel=\"noopener noreferrer\"><span class='avia_iconbox_title' >SZAB\u00c1LYZAT<\/span><\/a><\/div><\/div>\n<div class='flex_column av-3niy62-4b9ff7282c943dd5009a04b71e418d44 av_one_third  avia-builder-el-8  el_after_av_one_third  el_before_av_one_third  first flex_column_div column-top-margin'   ><\/div><div class='flex_column av-av_one_third-d06667205e6186ec8414c6eb7605d406 av_one_third  avia-builder-el-9  el_after_av_one_third  el_before_av_one_third  flex_column_div column-top-margin'   ><div  class='avia-button-wrap avia-button-center  avia-builder-el-10  avia-builder-el-no-sibling ' >\n<style type=\"text\/css\" data-created_by=\"avia_inline_auto\" id=\"style-css-av-av_button_big-1942c7faa8f8d25024f7aa873b560d7f\">\n#top #wrap_all .avia-button.av-av_button_big-1942c7faa8f8d25024f7aa873b560d7f{\nbackground-color:#ee343e;\nborder-color:#ee343e;\ntransition:all 0.4s ease-in-out;\n-webkit-transition:all 0.4s ease-in-out;\n-moz-transition:all 0.4s ease-in-out;\n-ms-transition:all 0.4s ease-in-out;\n-o-transition:all 0.4s ease-in-out;\n}\n#top #wrap_all .avia-button.av-av_button_big-1942c7faa8f8d25024f7aa873b560d7f:hover{\ncolor:white;\ntransition:all 0.4s ease-in-out;\n-webkit-transition:all 0.4s ease-in-out;\n-moz-transition:all 0.4s ease-in-out;\n-ms-transition:all 0.4s ease-in-out;\n-o-transition:all 0.4s ease-in-out;\n}\n<\/style>\n<a href=\"https:\/\/www.proexam.eu\/mda\/defaultEng.asp\" class=\"avia-font-color-theme-color avia-button avia-button-fullwidth av-av_button_big-1942c7faa8f8d25024f7aa873b560d7f avia-icon_select-no avia-color-custom\" target=\"_blank\" rel=\"noopener noreferrer\"><span class='avia_iconbox_title' >REGISZTR\u00c1LJ <\/span><span class='avia_button_background avia-button avia-button-fullwidth avia-color-theme-color-highlight'><\/span><\/a><\/div><\/div><\/p>\n<div class='flex_column av-av_one_third-d06667205e6186ec8414c6eb7605d406 av_one_third  avia-builder-el-11  el_after_av_one_third  avia-builder-el-last  flex_column_div column-top-margin'   ><\/div>\n","protected":false},"excerpt":{"rendered":"","protected":false},"author":1,"featured_media":0,"parent":0,"menu_order":0,"comment_status":"closed","ping_status":"closed","template":"","meta":{"footnotes":""},"class_list":["post-13786","page","type-page","status-publish","hentry"],"_links":{"self":[{"href":"https:\/\/diasporascholarship.hu\/hu\/wp-json\/wp\/v2\/pages\/13786","targetHints":{"allow":["GET"]}}],"collection":[{"href":"https:\/\/diasporascholarship.hu\/hu\/wp-json\/wp\/v2\/pages"}],"about":[{"href":"https:\/\/diasporascholarship.hu\/hu\/wp-json\/wp\/v2\/types\/page"}],"author":[{"embeddable":true,"href":"https:\/\/diasporascholarship.hu\/hu\/wp-json\/wp\/v2\/users\/1"}],"replies":[{"embeddable":true,"href":"https:\/\/diasporascholarship.hu\/hu\/wp-json\/wp\/v2\/comments?post=13786"}],"version-history":[{"count":11,"href":"https:\/\/diasporascholarship.hu\/hu\/wp-json\/wp\/v2\/pages\/13786\/revisions"}],"predecessor-version":[{"id":13843,"href":"https:\/\/diasporascholarship.hu\/hu\/wp-json\/wp\/v2\/pages\/13786\/revisions\/13843"}],"wp:attachment":[{"href":"https:\/\/diasporascholarship.hu\/hu\/wp-json\/wp\/v2\/media?parent=13786"}],"curies":[{"name":"wp","href":"https:\/\/api.w.org\/{rel}","templated":true}]}}