{"id":11877,"date":"2022-09-08T09:31:41","date_gmt":"2022-09-08T07:31:41","guid":{"rendered":"https:\/\/diasporascholarship.hu\/cookie-policy\/"},"modified":"2023-10-03T10:48:57","modified_gmt":"2023-10-03T08:48:57","slug":"suti-tajekoztato","status":"publish","type":"page","link":"https:\/\/diasporascholarship.hu\/hu\/suti-tajekoztato\/","title":{"rendered":"S\u00fcti t\u00e1j\u00e9koztat\u00f3"},"content":{"rendered":"<div class=\"flex_column av-27nfuf-f9e1d9587779f9b8d385b33b031a26b5 av_one_full  avia-builder-el-0  el_before_av_textblock  avia-builder-el-first  first flex_column_div \">\r\n<div class=\"av-special-heading av-2wqyww-65756ea0daf7870a8abdb3120925ae1c av-special-heading-h1 custom-color-heading  avia-builder-el-1  avia-builder-el-no-sibling \">\r\n<h1 class=\"av-special-heading-tag\">S\u00fcti t\u00e1j\u00e9koztat\u00f3<\/h1>\r\n<div class=\"special-heading-border\">\r\n<div class=\"special-heading-inner-border\">\u00a0<\/div>\r\n<\/div>\r\n<\/div>\r\n<\/div>\r\n","protected":false},"excerpt":{"rendered":"<p>S\u00fcti t\u00e1j\u00e9koztat\u00f3 \u00a0<\/p>\n","protected":false},"author":1,"featured_media":0,"parent":0,"menu_order":0,"comment_status":"closed","ping_status":"closed","template":"","meta":{"footnotes":""},"class_list":["post-11877","page","type-page","status-publish","hentry"],"_links":{"self":[{"href":"https:\/\/diasporascholarship.hu\/hu\/wp-json\/wp\/v2\/pages\/11877","targetHints":{"allow":["GET"]}}],"collection":[{"href":"https:\/\/diasporascholarship.hu\/hu\/wp-json\/wp\/v2\/pages"}],"about":[{"href":"https:\/\/diasporascholarship.hu\/hu\/wp-json\/wp\/v2\/types\/page"}],"author":[{"embeddable":true,"href":"https:\/\/diasporascholarship.hu\/hu\/wp-json\/wp\/v2\/users\/1"}],"replies":[{"embeddable":true,"href":"https:\/\/diasporascholarship.hu\/hu\/wp-json\/wp\/v2\/comments?post=11877"}],"version-history":[{"count":4,"href":"https:\/\/diasporascholarship.hu\/hu\/wp-json\/wp\/v2\/pages\/11877\/revisions"}],"predecessor-version":[{"id":11878,"href":"https:\/\/diasporascholarship.hu\/hu\/wp-json\/wp\/v2\/pages\/11877\/revisions\/11878"}],"wp:attachment":[{"href":"https:\/\/diasporascholarship.hu\/hu\/wp-json\/wp\/v2\/media?parent=11877"}],"curies":[{"name":"wp","href":"https:\/\/api.w.org\/{rel}","templated":true}]}}