{"id":11676,"date":"2023-08-28T11:54:17","date_gmt":"2023-08-28T09:54:17","guid":{"rendered":"https:\/\/diasporascholarship.hu\/jelentkezz\/apply-previous-documents\/"},"modified":"2025-05-20T18:20:35","modified_gmt":"2025-05-20T16:20:35","slug":"jelentkezz-korabbi-dokumentumok","status":"publish","type":"page","link":"https:\/\/diasporascholarship.hu\/hu\/jelentkezz\/jelentkezz-korabbi-dokumentumok\/","title":{"rendered":"Jelentkezz \u2013 Kor\u00e1bbi dokumentumok"},"content":{"rendered":"\n<style type=\"text\/css\" data-created_by=\"avia_inline_auto\" id=\"style-css-av-410b29o-e79bbafd0f9b25c6459127b6195e1c3b\">\n.flex_column.av-410b29o-e79bbafd0f9b25c6459127b6195e1c3b{\nborder-radius:0px 0px 0px 0px;\n-webkit-border-radius:0px 0px 0px 0px;\n-moz-border-radius:0px 0px 0px 0px;\n}\n<\/style>\n<div class='flex_column av-410b29o-e79bbafd0f9b25c6459127b6195e1c3b av_one_third  avia-builder-el-0  el_before_av_two_third  avia-builder-el-first  first flex_column_div av-zero-column-padding '   ><style type=\"text\/css\" data-created_by=\"avia_inline_auto\" id=\"style-css-av-3ivcz4s-27913b2ffd8c51c0338a04f70f55d120\">\n#top .av_textblock_section.av-3ivcz4s-27913b2ffd8c51c0338a04f70f55d120 .avia_textblock{\ntext-align:center;\n}\n<\/style>\n<section  class='av_textblock_section av-3ivcz4s-27913b2ffd8c51c0338a04f70f55d120'  itemscope=\"itemscope\" itemtype=\"https:\/\/schema.org\/CreativeWork\" ><div class='avia_textblock'  itemprop=\"text\" ><p>Kor\u00e1bbi m\u0171k\u00f6d\u00e9si szab\u00e1lyzatok<\/p>\n<\/div><\/section><\/div>\n\n<style type=\"text\/css\" data-created_by=\"avia_inline_auto\" id=\"style-css-av-2yqo5lo-8a26ab966fe08295c36a1ee58f9b8ba1\">\n.flex_column.av-2yqo5lo-8a26ab966fe08295c36a1ee58f9b8ba1{\nborder-radius:0px 0px 0px 0px;\n-webkit-border-radius:0px 0px 0px 0px;\n-moz-border-radius:0px 0px 0px 0px;\nbackground-color:#ffffff;\n}\n<\/style>\n<div class='flex_column av-2yqo5lo-8a26ab966fe08295c36a1ee58f9b8ba1 av_two_third  avia-builder-el-2  el_after_av_one_third  el_before_av_one_third  flex_column_div av-zero-column-padding '   ><style type=\"text\/css\" data-created_by=\"avia_inline_auto\" id=\"style-css-av-2qlibbw-3c44739629ece7b8c33dbc4d1fc42193\">\n#top .av_textblock_section.av-2qlibbw-3c44739629ece7b8c33dbc4d1fc42193 .avia_textblock{\ntext-align:center;\n}\n<\/style>\n<section  class='av_textblock_section av-2qlibbw-3c44739629ece7b8c33dbc4d1fc42193'  itemscope=\"itemscope\" itemtype=\"https:\/\/schema.org\/CreativeWork\" ><div class='avia_textblock'  itemprop=\"text\" ><p><a href=\"\/wp-content\/uploads\/mukodesi_szabalyzat_2020.11.20.pdf\" target=\"_blank\" rel=\"noopener\">M\u0171k\u00f6d\u00e9si szab\u00e1lyzat, 2020.11.20.<\/a><\/p>\n<p><a href=\"\/wp-content\/uploads\/mukodesi_szabalyzat_2021.09.16..pdf\" target=\"_blank\" rel=\"noopener\">M\u0171k\u00f6d\u00e9si szab\u00e1lyzat, 2021.09.16.<\/a><\/p>\n<p><a href=\"\/wp-content\/uploads\/mukodesi_szabalyzat_2021.11.24.pdf\" target=\"_blank\" rel=\"noopener\">M\u0171k\u00f6d\u00e9si szab\u00e1lyzat, 2021.11.24.<\/a><\/p>\n<p><a href=\"\/wp-content\/uploads\/mukodesi_szabalyzat_2022.08.02.pdf\">M\u0171k\u00f6d\u00e9si szab\u00e1lyzat, 2022.08.02.<\/a><\/p>\n<p><a href=\"\/wp-content\/uploads\/mukodesi_szabalyzat_2023.01.16.pdf\">M\u0171k\u00f6d\u00e9si szab\u00e1lyzat, 2023.01.16.<\/a><\/p>\n<p><a href=\"https:\/\/diasporascholarship.hu\/wp-content\/uploads\/mukodesi_szabalyzat_2023.08.11.pdf\">M\u0171k\u00f6d\u00e9si szab\u00e1lyzat, 2023.08.11.<\/a><\/p>\n<p><a href=\"https:\/\/diasporascholarship.hu\/wp-content\/uploads\/mukodesi_szabalyzat_2024.02.07.pdf\">M\u0171k\u00f6d\u00e9si szab\u00e1lyzat, 2024.02.07.<\/a><\/p>\n<p><a href=\"https:\/\/diasporascholarship.hu\/wp-content\/uploads\/mukodesi_szabalyzat_2024.03.27.pdf\">M\u0171k\u00f6d\u00e9si szab\u00e1lyzat, 2024.03.27.<\/a><\/p>\n<p><a href=\"https:\/\/diasporascholarship.hu\/wp-content\/uploads\/mukodesi_szabalyzat_2024.10.02.pdf\">M\u0171k\u00f6d\u00e9si szab\u00e1lyzat, 2024.10.02.<\/a><\/p>\n<p><a href=\"https:\/\/diasporascholarship.hu\/wp-content\/uploads\/mukodesi_szabalyzat_2024.12.17.pdf\">M\u0171k\u00f6d\u00e9si szab\u00e1lyzat, 2024. 12.17.<\/a><\/p>\n<p><a href=\"https:\/\/diasporascholarship.hu\/wp-content\/uploads\/dfp_msz_2025_03_24.pdf\">M\u0171k\u00f6d\u00e9si szab\u00e1lyzat, 2025. 03. 24.<\/a><\/p>\n<\/div><\/section><\/div>\n<style type=\"text\/css\" data-created_by=\"avia_inline_auto\" id=\"style-css-av-yzth24-377e036dd9c9cda4402a8e4e7cdc98b2\">\n.flex_column.av-yzth24-377e036dd9c9cda4402a8e4e7cdc98b2{\nborder-radius:0px 0px 0px 0px;\n-webkit-border-radius:0px 0px 0px 0px;\n-moz-border-radius:0px 0px 0px 0px;\n}\n<\/style>\n<div class='flex_column av-yzth24-377e036dd9c9cda4402a8e4e7cdc98b2 av_one_third  avia-builder-el-4  el_after_av_two_third  el_before_av_two_third  first flex_column_div av-zero-column-padding column-top-margin'   ><style type=\"text\/css\" data-created_by=\"avia_inline_auto\" id=\"style-css-av-lselxojl-aaa68f32320cf14b2399a624b299b458\">\n#top .av_textblock_section.av-lselxojl-aaa68f32320cf14b2399a624b299b458 .avia_textblock{\ntext-align:center;\n}\n<\/style>\n<section  class='av_textblock_section av-lselxojl-aaa68f32320cf14b2399a624b299b458'  itemscope=\"itemscope\" itemtype=\"https:\/\/schema.org\/CreativeWork\" ><div class='avia_textblock'  itemprop=\"text\" ><p>Kor\u00e1bbi v\u00e9grehajt\u00e1si \u00fatmutat\u00f3(k)<\/p>\n<\/div><\/section><\/div><\/p>\n\n<style type=\"text\/css\" data-created_by=\"avia_inline_auto\" id=\"style-css-av-wxmv30-0a3584c530999bea5c9e8a4e5e597dad\">\n.flex_column.av-wxmv30-0a3584c530999bea5c9e8a4e5e597dad{\nborder-radius:0px 0px 0px 0px;\n-webkit-border-radius:0px 0px 0px 0px;\n-moz-border-radius:0px 0px 0px 0px;\nbackground-color:#ffffff;\n}\n<\/style>\n<div class='flex_column av-wxmv30-0a3584c530999bea5c9e8a4e5e597dad av_two_third  avia-builder-el-6  el_after_av_one_third  avia-builder-el-last  flex_column_div av-zero-column-padding column-top-margin'   ><style type=\"text\/css\" data-created_by=\"avia_inline_auto\" id=\"style-css-av-lsely7sf-832be0f2c6c80ad5e4f9250d3a371b82\">\n#top .av_textblock_section.av-lsely7sf-832be0f2c6c80ad5e4f9250d3a371b82 .avia_textblock{\ntext-align:center;\n}\n<\/style>\n<section  class='av_textblock_section av-lsely7sf-832be0f2c6c80ad5e4f9250d3a371b82'  itemscope=\"itemscope\" itemtype=\"https:\/\/schema.org\/CreativeWork\" ><div class='avia_textblock'  itemprop=\"text\" ><p><a href=\"https:\/\/diasporascholarship.hu\/wp-content\/uploads\/dfp_vhu_2023.08.11.pdf\">V\u00e9grehajt\u00e1si \u00fatmutat\u00f3, 2023.08.11.<\/a><\/p>\n<p><a href=\"https:\/\/diasporascholarship.hu\/wp-content\/uploads\/dfp_vhu_2024.02.07.pdf\">V\u00e9grehajt\u00e1si \u00fatmutat\u00f3, 2024.02.07.<\/a><\/p>\n<p><a href=\"https:\/\/diasporascholarship.hu\/wp-content\/uploads\/dfp_vhu_2024.03.27.pdf\">V\u00e9grehajt\u00e1si \u00fatmutat\u00f3, 2024.03.27.<\/a><\/p>\n<p><a href=\"https:\/\/diasporascholarship.hu\/wp-content\/uploads\/dfp_vhu_2024.10.02.pdf\">V\u00e9grehajt\u00e1si \u00fatmutat\u00f3, 2024.10.02.<\/a><\/p>\n<p><a title=\"V\u00e9grehajt\u00e1si \u00fatmutat\u00f3, 2025. 03. 25.\" href=\"https:\/\/diasporascholarship.hu\/wp-content\/uploads\/dfp_vhu_2025.03.25-1.pdf\">V\u00e9grehajt\u00e1si \u00fatmutat\u00f3, 2025. 03. 25.<\/a><\/p>\n<p><a title=\"V\u00e9grehajt\u00e1si \u00fatmutat\u00f3, 2025. 03. 25.\" href=\"https:\/\/diasporascholarship.hu\/wp-content\/uploads\/dfp_vhu_2025_04_30.pdf\">V\u00e9grehajt\u00e1si \u00fatmutat\u00f3, 2025. 04. 30.<\/a><\/p>\n<\/div><\/section><\/div>\n","protected":false},"excerpt":{"rendered":"","protected":false},"author":1,"featured_media":0,"parent":5083,"menu_order":0,"comment_status":"closed","ping_status":"closed","template":"","meta":{"footnotes":""},"class_list":["post-11676","page","type-page","status-publish","hentry"],"_links":{"self":[{"href":"https:\/\/diasporascholarship.hu\/hu\/wp-json\/wp\/v2\/pages\/11676","targetHints":{"allow":["GET"]}}],"collection":[{"href":"https:\/\/diasporascholarship.hu\/hu\/wp-json\/wp\/v2\/pages"}],"about":[{"href":"https:\/\/diasporascholarship.hu\/hu\/wp-json\/wp\/v2\/types\/page"}],"author":[{"embeddable":true,"href":"https:\/\/diasporascholarship.hu\/hu\/wp-json\/wp\/v2\/users\/1"}],"replies":[{"embeddable":true,"href":"https:\/\/diasporascholarship.hu\/hu\/wp-json\/wp\/v2\/comments?post=11676"}],"version-history":[{"count":15,"href":"https:\/\/diasporascholarship.hu\/hu\/wp-json\/wp\/v2\/pages\/11676\/revisions"}],"predecessor-version":[{"id":17030,"href":"https:\/\/diasporascholarship.hu\/hu\/wp-json\/wp\/v2\/pages\/11676\/revisions\/17030"}],"up":[{"embeddable":true,"href":"https:\/\/diasporascholarship.hu\/hu\/wp-json\/wp\/v2\/pages\/5083"}],"wp:attachment":[{"href":"https:\/\/diasporascholarship.hu\/hu\/wp-json\/wp\/v2\/media?parent=11676"}],"curies":[{"name":"wp","href":"https:\/\/api.w.org\/{rel}","templated":true}]}}