{"id":11385,"date":"2023-06-13T14:07:37","date_gmt":"2023-06-13T12:07:37","guid":{"rendered":"https:\/\/diasporascholarship.hu\/faq-already-a-scholarship-holder\/"},"modified":"2024-10-31T17:35:12","modified_gmt":"2024-10-31T16:35:12","slug":"gyik-osztondijasokank","status":"publish","type":"page","link":"https:\/\/diasporascholarship.hu\/hu\/gyik-osztondijasokank\/","title":{"rendered":"GYIK-  \u00d6szt\u00f6nd\u00edjasokank (iframe)"},"content":{"rendered":"\n<style type=\"text\/css\" data-created_by=\"avia_inline_auto\" id=\"style-css-av-2fgtjt-0ef2e186d0249aec2e9431052bde8b00\">\n#top .togglecontainer.av-2fgtjt-0ef2e186d0249aec2e9431052bde8b00 p.toggler{\ncolor:#333f48;\nbackground-color:#f0f0eb;\nborder-color:#f0f0eb;\n}\n#top .togglecontainer.av-2fgtjt-0ef2e186d0249aec2e9431052bde8b00 p.toggler.activeTitle{\ncolor:#f0f0eb;\nborder-color:#f0f0eb;\nbackground-color:#83a846;\n}\n#top .togglecontainer.av-2fgtjt-0ef2e186d0249aec2e9431052bde8b00 p.toggler:not(.activeTitle):hover{\ncolor:#f0f0eb;\nbackground-color:#83a846;\n}\n#top .togglecontainer.av-2fgtjt-0ef2e186d0249aec2e9431052bde8b00 p.toggler:not(.activeTitle):hover .toggle_icon, #top .togglecontainer.av-2fgtjt-0ef2e186d0249aec2e9431052bde8b00 p.toggler:not(.activeTitle):hover .toggle_icon *{\nborder-color:#f0f0eb !important;\n}\n#top .togglecontainer.av-2fgtjt-0ef2e186d0249aec2e9431052bde8b00 p.toggler .toggle_icon{\ncolor:#333f48;\nborder-color:#333f48;\n}\n#top .togglecontainer.av-2fgtjt-0ef2e186d0249aec2e9431052bde8b00 .toggle_wrap .toggle_content{\ncolor:#333f48;\nbackground-color:#f0f0eb;\nborder-color:#f0f0eb;\n}\n<\/style>\n<div  class='togglecontainer av-2fgtjt-0ef2e186d0249aec2e9431052bde8b00 av-minimal-toggle  avia-builder-el-0  el_before_av_codeblock  avia-builder-el-first  toggle_close_all hasCurrentStyle'  itemscope=\"itemscope\" itemtype=\"https:\/\/schema.org\/FAQPage\" >\n<section class='av_toggle_section av-68f6amx-f36f75c03abb2bfacb5658fe58dee6f3'  itemscope=\"itemscope\" itemprop=\"mainEntity\" itemtype=\"https:\/\/schema.org\/Question\" ><div role=\"tablist\" class=\"single_toggle\" data-tags=\"{Mind} \"  ><p data-fake-id='#toggle-id-1' class='toggler  activeTitle av-inherit-font-color hasCustomColor av-inherit-border-color'  itemprop=\"name\"  role='tab' tabindex='0' aria-controls='toggle-id-1'>Van lehet\u0151s\u00e9g online tanul\u00e1sra?<span class=\"toggle_icon\"><span class=\"vert_icon\"><\/span><span class=\"hor_icon\"><\/span><\/span><\/p><div id='toggle-id-1' class='toggle_wrap  active_tc' style='display:block;'  itemscope=\"itemscope\" itemprop=\"acceptedAnswer\" itemtype=\"https:\/\/schema.org\/Answer\" ><div class='toggle_content invers-color av-inherit-font-color hasCustomColor av-inherit-border-color'  itemprop=\"text\" ><p>Alapvet\u0151en az \u00d6szt\u00f6nd\u00edjprogramban el\u00e9rhet\u0151 k\u00e9pz\u00e9sek jelenl\u00e9t-alap\u00fa k\u00e9pz\u00e9sek. K\u00e9rj\u00fck, konzult\u00e1ljon a fogad\u00f3 int\u00e9zm\u00e9ny\u00e9vel.<\/p>\n<\/div><\/div><\/div><\/section>\n<section class='av_toggle_section av-5s2eqih-170a1903779653b32691f6d93c5e0f48'  itemscope=\"itemscope\" itemprop=\"mainEntity\" itemtype=\"https:\/\/schema.org\/Question\" ><div role=\"tablist\" class=\"single_toggle\" data-tags=\"{Mind} \"  ><p data-fake-id='#toggle-id-2' class='toggler   av-inherit-font-color hasCustomColor av-inherit-border-color'  itemprop=\"name\"  role='tab' tabindex='0' aria-controls='toggle-id-2'>Lehets\u00e9ges-e dolgozni az \u00f6szt\u00f6nd\u00edjas tanulm\u00e1nyok ideje alatt?<span class=\"toggle_icon\"><span class=\"vert_icon\"><\/span><span class=\"hor_icon\"><\/span><\/span><\/p><div id='toggle-id-2' class='toggle_wrap  '   itemscope=\"itemscope\" itemprop=\"acceptedAnswer\" itemtype=\"https:\/\/schema.org\/Answer\" ><div class='toggle_content invers-color av-inherit-font-color hasCustomColor av-inherit-border-color'  itemprop=\"text\" ><p>Igen, de bizonyos szab\u00e1lyokat figyelembe kell venni: a tanulm\u00e1nyi c\u00e9l\u00fa \u00e9s a hallgat\u00f3i mobilit\u00e1si tart\u00f3zkod\u00e1si enged\u00e9llyel, tov\u00e1bb\u00e1 a hallgat\u00f3i mobilit\u00e1si igazol\u00e1ssal rendelkez\u0151 harmadik orsz\u00e1gbeli \u00e1llampolg\u00e1r keres\u0151tev\u00e9kenys\u00e9get a szorgalmi id\u0151szakban hetente legfeljebb huszonn\u00e9gy \u00f3r\u00e1ban, szorgalmi id\u0151szakon k\u00edv\u00fcl \u00e9vente legfeljebb kilencven napon vagy hatvanhat munkanapon v\u00e9gezhet teljes munkaid\u0151ben.<\/p>\n<\/div><\/div><\/div><\/section>\n<section class='av_toggle_section av-5aax1nd-e65aa0f2dabe41bd253a0290355f5914'  itemscope=\"itemscope\" itemprop=\"mainEntity\" itemtype=\"https:\/\/schema.org\/Question\" ><div role=\"tablist\" class=\"single_toggle\" data-tags=\"{Mind} \"  ><p data-fake-id='#toggle-id-3' class='toggler   av-inherit-font-color hasCustomColor av-inherit-border-color'  itemprop=\"name\"  role='tab' tabindex='0' aria-controls='toggle-id-3'>Az \u00f6szt\u00f6nd\u00edjasokat tanulm\u00e1nyaik m\u00e1sodik \u00e9v\u00e9t\u0151l is megilleti a a havi meg\u00e9lhet\u00e9si \u00e9s lakhat\u00e1si t\u00e1mogat\u00e1s?<span class=\"toggle_icon\"><span class=\"vert_icon\"><\/span><span class=\"hor_icon\"><\/span><\/span><\/p><div id='toggle-id-3' class='toggle_wrap  '   itemscope=\"itemscope\" itemprop=\"acceptedAnswer\" itemtype=\"https:\/\/schema.org\/Answer\" ><div class='toggle_content invers-color av-inherit-font-color hasCustomColor av-inherit-border-color'  itemprop=\"text\" ><p>A havi meg\u00e9lhet\u00e9si \u00e9s lakhat\u00e1si t\u00e1mogat\u00e1s a p\u00e1ly\u00e1z\u00f3i rendszerben (DreamApply) k\u00fcl\u00f6n k\u00e9relem beny\u00fajt\u00e1sa eset\u00e9n ker\u00fcl meg\u00edt\u00e9l\u00e9sre.<\/p>\n<p>Az \u00f6szt\u00f6nd\u00edjas st\u00e1tusz minden tov\u00e1bbi eleme a k\u00e9pz\u00e9s teljes ideje alatt automatikusan biztos\u00edtott, \u00edgy pl.: a d\u00edjmentes oktat\u00e1s, eg\u00e9szs\u00e9gbiztos\u00edt\u00e1s.<\/p>\n<\/div><\/div><\/div><\/section>\n<section class='av_toggle_section av-gvvtfd-a1244a9f5f9d5bad97ce980ebaf3c64f'  itemscope=\"itemscope\" itemprop=\"mainEntity\" itemtype=\"https:\/\/schema.org\/Question\" ><div role=\"tablist\" class=\"single_toggle\" data-tags=\"{Mind} \"  ><p data-fake-id='#toggle-id-4' class='toggler   av-inherit-font-color hasCustomColor av-inherit-border-color'  itemprop=\"name\"  role='tab' tabindex='0' aria-controls='toggle-id-4'>Ha az 1 \u00e9ves magyar nyelvi el\u0151k\u00e9sz\u00edt\u0151re jelentkezem, de ut\u00e1na szeretn\u00e9k magyar egyetemre felv\u00e9telizni, akkor \u00fajra jelentkeznem kellene az online jelentkez\u00e9si fel\u00fcleten \u00e9s \u00faj dokumentumokat kell felt\u00f6ltenem, amibe a friss aj\u00e1nl\u00f3lev\u00e9l is beletartozik? <span class=\"toggle_icon\"><span class=\"vert_icon\"><\/span><span class=\"hor_icon\"><\/span><\/span><\/p><div id='toggle-id-4' class='toggle_wrap  '   itemscope=\"itemscope\" itemprop=\"acceptedAnswer\" itemtype=\"https:\/\/schema.org\/Answer\" ><div class='toggle_content invers-color av-inherit-font-color hasCustomColor av-inherit-border-color'  itemprop=\"text\" ><p>A Magyar Diaszp\u00f3ra \u00d6szt\u00f6nd\u00edjprogram hallgat\u00f3jak\u00e9nt, aki r\u00e9szt vesz az egy\u00e9ves magyar el\u0151k\u00e9sz\u00edt\u0151 tanfolyamon, a DreamApply online jelentkez\u00e9si rendszerben lehet majd jelentkezni egy teljes fok\u00fa magyar k\u00e9pz\u00e9sre. Tavasszal a m\u00e1r megl\u00e9v\u0151 online jelentkez\u00e9si fi\u00f3kj\u00e1ban lesznek el\u00e9rhet\u0151 inform\u00e1ci\u00f3k, ez\u00e9rt nem kell \u00faj k\u00e9relmet beny\u00fajtania. A rendelkez\u00e9sre \u00e1ll\u00f3 k\u00e9pz\u00e9si programokat a jelentkez\u00e9si rendszeren kereszt\u00fcl fogja megtal\u00e1lni, \u00e9s a felv\u00e9teli vizsg\u00e1n ugyan\u00fagy r\u00e9sztvesz, mint az els\u0151 jelentkez\u00e9si fordul\u00f3ban, amikor a magyar felk\u00e9sz\u00edt\u0151 tanfolyamra jelentkezett. Fontos, hogy nem kell \u00fajra regisztr\u00e1lnia az online jelentkez\u00e9si rendszerben, \u00e9s nem kell felt\u00f6lteni \u00faj aj\u00e1nl\u00f3levelet sem valamelyik diaszp\u00f3raszervezett\u0151l vagy az adott ter\u00fclet Magyar Diplom\u00e1ciai K\u00e9pviselet\u00e9t\u0151l. A m\u00e1r megl\u00e9v\u0151 online jelentkez\u00e9si fi\u00f3kon kereszt\u00fcl felvessz\u00fck \u00d6nnel a kapcsolatot a felv\u00e9teli vizsg\u00e1kkal kapcsolatban.<\/p>\n<\/div><\/div><\/div><\/section>\n<section class='av_toggle_section av-46ykynt-d0da2ba8ca3f2192d0bbc3633dea7c88'  itemscope=\"itemscope\" itemprop=\"mainEntity\" itemtype=\"https:\/\/schema.org\/Question\" ><div role=\"tablist\" class=\"single_toggle\" data-tags=\"{Mind} \"  ><p data-fake-id='#toggle-id-5' class='toggler   av-inherit-font-color hasCustomColor av-inherit-border-color'  itemprop=\"name\"  role='tab' tabindex='0' aria-controls='toggle-id-5'>Hogyan \u00edrhatom al\u00e1 az \u00f6szt\u00f6nd\u00edjszerz\u0151d\u00e9semet?<span class=\"toggle_icon\"><span class=\"vert_icon\"><\/span><span class=\"hor_icon\"><\/span><\/span><\/p><div id='toggle-id-5' class='toggle_wrap  '   itemscope=\"itemscope\" itemprop=\"acceptedAnswer\" itemtype=\"https:\/\/schema.org\/Answer\" ><div class='toggle_content invers-color av-inherit-font-color hasCustomColor av-inherit-border-color'  itemprop=\"text\" ><p>Az \u00f6szt\u00f6nd\u00edjszerz\u0151d\u00e9st az int\u00e9zm\u00e9ny\u00e9vel kell megk\u00f6tnie. A meg\u00e1llapod\u00e1ssal \u00e9s annak tartalm\u00e1val kapcsolatban forduljon int\u00e9zm\u00e9nyi diaszp\u00f3ra koordin\u00e1tor\u00e1hoz.<\/p>\n<\/div><\/div><\/div><\/section>\n<section class='av_toggle_section av-3r5rfax-f0f4bfabd8365ef5cab2f46834f31db2'  itemscope=\"itemscope\" itemprop=\"mainEntity\" itemtype=\"https:\/\/schema.org\/Question\" ><div role=\"tablist\" class=\"single_toggle\" data-tags=\"{Mind} \"  ><p data-fake-id='#toggle-id-6' class='toggler   av-inherit-font-color hasCustomColor av-inherit-border-color'  itemprop=\"name\"  role='tab' tabindex='0' aria-controls='toggle-id-6'>Magyarorsz\u00e1gon kell tart\u00f3zkodnom, ha az egyetemem biztos\u00edt online oktat\u00e1st?<span class=\"toggle_icon\"><span class=\"vert_icon\"><\/span><span class=\"hor_icon\"><\/span><\/span><\/p><div id='toggle-id-6' class='toggle_wrap  '   itemscope=\"itemscope\" itemprop=\"acceptedAnswer\" itemtype=\"https:\/\/schema.org\/Answer\" ><div class='toggle_content invers-color av-inherit-font-color hasCustomColor av-inherit-border-color'  itemprop=\"text\" ><p>Igen. 30 napot meghalad\u00f3 t\u00e1voll\u00e9t eset\u00e9n Magyarorsz\u00e1gra val\u00f3 visszat\u00e9r\u00e9s\u00e9ig nem jogosult meg\u00e9lhet\u00e9si \u00e9s lakhat\u00e1si t\u00e1mogat\u00e1s\u00e1ra, mivel ezek a t\u00e1mogat\u00e1sok a magyarorsz\u00e1gi meg\u00e9lhet\u00e9si k\u00f6lts\u00e9geihez j\u00e1rulnak hozz\u00e1. \u00d6n azonban nem vesz\u00edti el \u00f6szt\u00f6nd\u00edjas st\u00e1tusz\u00e1t.<\/p>\n<\/div><\/div><\/div><\/section>\n<section class='av_toggle_section av-3ckre2h-82c27fa0836bbfd967ea518696e97ad1'  itemscope=\"itemscope\" itemprop=\"mainEntity\" itemtype=\"https:\/\/schema.org\/Question\" ><div role=\"tablist\" class=\"single_toggle\" data-tags=\"{Mind} \"  ><p data-fake-id='#toggle-id-7' class='toggler   av-inherit-font-color hasCustomColor av-inherit-border-color'  itemprop=\"name\"  role='tab' tabindex='0' aria-controls='toggle-id-7'>A tanulm\u00e1nyaim alatt Magyarorsz\u00e1gon kell laknom? <span class=\"toggle_icon\"><span class=\"vert_icon\"><\/span><span class=\"hor_icon\"><\/span><\/span><\/p><div id='toggle-id-7' class='toggle_wrap  '   itemscope=\"itemscope\" itemprop=\"acceptedAnswer\" itemtype=\"https:\/\/schema.org\/Answer\" ><div class='toggle_content invers-color av-inherit-font-color hasCustomColor av-inherit-border-color'  itemprop=\"text\" ><p>Az \u00f6szt\u00f6nd\u00edjasnak a tanulm\u00e1nyi id\u0151szak alatt \u00e1lland\u00f3 magyarorsz\u00e1gi lak\u00f3hellyel kell rendelkeznie, \u00e9s a tanulm\u00e1nyi id\u0151 alatt 14 napot meghalad\u00f3 egybef\u00fcgg\u0151 t\u00e1voz\u00e1s eset\u00e9n \u00e9rtes\u00edtenie kell a fels\u0151oktat\u00e1si int\u00e9zm\u00e9nyt. A k\u00fclf\u00f6ldi tart\u00f3zkod\u00e1sra vonatkoz\u00f3, utaz\u00e1s el\u0151tti t\u00e1j\u00e9koztat\u00e1si k\u00f6telezetts\u00e9g elmulaszt\u00e1sa eset\u00e9n a fels\u0151oktat\u00e1si int\u00e9zm\u00e9ny jogosult d\u00f6nteni a hallgat\u00f3 \u00f6szt\u00f6nd\u00edjas jogviszony\u00e1nak megsz\u00fcntet\u00e9s\u00e9r\u0151l.<\/p>\n<\/div><\/div><\/div><\/section>\n<section class='av_toggle_section av-30z5yd5-7650eed010018145da82742ff9bc63ca'  itemscope=\"itemscope\" itemprop=\"mainEntity\" itemtype=\"https:\/\/schema.org\/Question\" ><div role=\"tablist\" class=\"single_toggle\" data-tags=\"{Mind} \"  ><p data-fake-id='#toggle-id-8' class='toggler   av-inherit-font-color hasCustomColor av-inherit-border-color'  itemprop=\"name\"  role='tab' tabindex='0' aria-controls='toggle-id-8'>Jelentkezhetek m\u00e1s \u00f6szt\u00f6nd\u00edjprogramokra is a Diaszp\u00f3ra Fels\u0151oktat\u00e1si \u00d6szt\u00f6nd\u00edjprogram ideje alatt? <span class=\"toggle_icon\"><span class=\"vert_icon\"><\/span><span class=\"hor_icon\"><\/span><\/span><\/p><div id='toggle-id-8' class='toggle_wrap  '   itemscope=\"itemscope\" itemprop=\"acceptedAnswer\" itemtype=\"https:\/\/schema.org\/Answer\" ><div class='toggle_content invers-color av-inherit-font-color hasCustomColor av-inherit-border-color'  itemprop=\"text\" ><p>Az \u00f6szt\u00f6nd\u00edjasok juttat\u00e1sait \u00e9rint\u0151en a Szab\u00e1lyzat lehet\u0151v\u00e9 teszi az \u00f6szt\u00f6nd\u00edjasok sz\u00e1m\u00e1ra a k\u00e9pz\u00e9si id\u0151szakban az \u00f6sszef\u00fcgg\u0151, legfeljebb 30 nap id\u0151tartam\u00fa, kutat\u00e1ssal, tanulm\u00e1nyokkal \u00f6sszef\u00fcgg\u0151 k\u00fclf\u00f6ldi tart\u00f3zkod\u00e1st, konferencia-r\u00e9szv\u00e9telt, szakmai gyakorlaton val\u00f3 r\u00e9szv\u00e9telt vagy m\u00e1s tanulm\u00e1nyi c\u00e9l\u00fa tart\u00f3zkod\u00e1st. Az \u00f6szt\u00f6nd\u00edjasok legfeljebb 30 nap id\u0151tartam\u00fa tanulm\u00e1nyokhoz kapcsol\u00f3d\u00f3 k\u00fclf\u00f6ldi szakmai programokon val\u00f3 r\u00e9szv\u00e9tele (konferencia, tanulm\u00e1ny\u00fat stb.) egy\u00e9b \u00f6szt\u00f6nd\u00edjprogramok (pl. Erasmus +, CEEPUS) keret\u00e9ben is t\u00e1mogathat\u00f3. A fentiek al\u00f3l kiv\u00e9telt k\u00e9pez az Eur\u00f3pai Szolidarit\u00e1si Test\u00fclet \u00f6nk\u00e9ntess\u00e9g programja, mivel az az \u00f6szt\u00f6nd\u00edjasok eset\u00e9ben a tanulm\u00e1nyokkal nem egyeztethet\u0151 \u00f6ssze.<\/p>\n<\/div><\/div><\/div><\/section>\n<section class='av_toggle_section av-2pvfit5-7a9cea70cf99c979102ef7600b51037b'  itemscope=\"itemscope\" itemprop=\"mainEntity\" itemtype=\"https:\/\/schema.org\/Question\" ><div role=\"tablist\" class=\"single_toggle\" data-tags=\"{Mind} \"  ><p data-fake-id='#toggle-id-9' class='toggler   av-inherit-font-color hasCustomColor av-inherit-border-color'  itemprop=\"name\"  role='tab' tabindex='0' aria-controls='toggle-id-9'>Milyen m\u00f3don kapom meg a havi \u00f6szt\u00f6nd\u00edjamat?<span class=\"toggle_icon\"><span class=\"vert_icon\"><\/span><span class=\"hor_icon\"><\/span><\/span><\/p><div id='toggle-id-9' class='toggle_wrap  '   itemscope=\"itemscope\" itemprop=\"acceptedAnswer\" itemtype=\"https:\/\/schema.org\/Answer\" ><div class='toggle_content invers-color av-inherit-font-color hasCustomColor av-inherit-border-color'  itemprop=\"text\" ><p>A havi meg\u00e9lhet\u00e9si \u00e9s lakhat\u00e1si t\u00e1mogat\u00e1st az \u00f6szt\u00f6nd\u00edjas \u00e9s az egyetem k\u00f6z\u00f6tt kell rendezni. Vegye fel a kapcsolatot int\u00e9zm\u00e9nyi diaszp\u00f3ra koordin\u00e1tor\u00e1val.<\/p>\n<\/div><\/div><\/div><\/section>\n<section class='av_toggle_section av-256hypl-28cef789a30771896fa7c4552439574f'  itemscope=\"itemscope\" itemprop=\"mainEntity\" itemtype=\"https:\/\/schema.org\/Question\" ><div role=\"tablist\" class=\"single_toggle\" data-tags=\"{Mind} \"  ><p data-fake-id='#toggle-id-10' class='toggler   av-inherit-font-color hasCustomColor av-inherit-border-color'  itemprop=\"name\"  role='tab' tabindex='0' aria-controls='toggle-id-10'>Mi az a kreditminimum k\u00f6vetelm\u00e9ny? <span class=\"toggle_icon\"><span class=\"vert_icon\"><\/span><span class=\"hor_icon\"><\/span><\/span><\/p><div id='toggle-id-10' class='toggle_wrap  '   itemscope=\"itemscope\" itemprop=\"acceptedAnswer\" itemtype=\"https:\/\/schema.org\/Answer\" ><div class='toggle_content invers-color av-inherit-font-color hasCustomColor av-inherit-border-color'  itemprop=\"text\" ><p>Az \u00f6szt\u00f6nd\u00edjas a k\u00e9t utols\u00f3 egybef\u00fcgg\u0151 akt\u00edv f\u00e9l\u00e9ve sor\u00e1n \u00e1tlagosan nem szerez legal\u00e1bb 18 kreditet\/f\u00e9l\u00e9v (\u00f6sszesen 36 kredit), akkor \u00f6szt\u00f6nd\u00edjas st\u00e1tusza megsz\u0171nik. Erre az ellen\u0151rz\u00e9sre minden tan\u00e9v tavaszi f\u00e9l\u00e9v\u00e9nek v\u00e9g\u00e9n ker\u00fcl sor.<\/p>\n<\/div><\/div><\/div><\/section>\n<section class='av_toggle_section av-1mt7t3t-38ddbf47a65fe57badba2c4fdb3e465d'  itemscope=\"itemscope\" itemprop=\"mainEntity\" itemtype=\"https:\/\/schema.org\/Question\" ><div role=\"tablist\" class=\"single_toggle\" data-tags=\"{Mind} \"  ><p data-fake-id='#toggle-id-11' class='toggler   av-inherit-font-color hasCustomColor av-inherit-border-color'  itemprop=\"name\"  role='tab' tabindex='0' aria-controls='toggle-id-11'>V\u00e1ltoztathat\u00f3-e a fogad\u00f3 int\u00e9zm\u00e9ny, az int\u00e9zm\u00e9nyen bel\u00fcli szakok \u00e9s a tanulm\u00e1nyok nyelve?<span class=\"toggle_icon\"><span class=\"vert_icon\"><\/span><span class=\"hor_icon\"><\/span><\/span><\/p><div id='toggle-id-11' class='toggle_wrap  '   itemscope=\"itemscope\" itemprop=\"acceptedAnswer\" itemtype=\"https:\/\/schema.org\/Answer\" ><div class='toggle_content invers-color av-inherit-font-color hasCustomColor av-inherit-border-color'  itemprop=\"text\" ><p>A fogad\u00f3 int\u00e9zm\u00e9nyt, az int\u00e9zm\u00e9nyen bel\u00fcli szakok \u00e9s a tanulm\u00e1nyok nyelve k\u00fcl\u00f6n hallgat\u00f3i ig\u00e9ny beny\u00fajt\u00e1s\u00e1val tanulm\u00e1nyi szintenk\u00e9nt csak egyszer m\u00f3dos\u00edthat\u00f3. A Tempus K\u00f6zalap\u00edtv\u00e1nyhoz beny\u00fajtott k\u00e9relmek beny\u00fajt\u00e1s\u00e1nak hat\u00e1rideje minden tan\u00e9vben december 1. (tavaszi szemeszterre) \u00e9s m\u00e1jus 15. (\u0151szi szemeszterre).Int\u00e9zm\u00e9ny-, szak- \u00e9s nyelvv\u00e1lt\u00e1s csak a f\u00e9l\u00e9v v\u00e9g\u00e9n lehets\u00e9ges, \u00edgy az \u00f6szt\u00f6nd\u00edjas a k\u00f6vetkez\u0151 f\u00e9l\u00e9vet az \u00faj int\u00e9zm\u00e9nyben, az \u00faj k\u00e9pz\u00e9si programon, \u00faj nyelven kezdheti meg. Int\u00e9zm\u00e9nyt, szakot \u00e9s nyelvet v\u00e1ltani csak a tanulm\u00e1nyok megkezd\u00e9s\u00e9t k\u00f6vet\u0151 egy \u00e9ven bel\u00fcl lehet. A k\u00e9relemnek \u2013 amennyiben relev\u00e1ns \u2013 a tanulm\u00e1nyok \u00f6szt\u00f6nd\u00edjjal t\u00f6rt\u00e9n\u0151 meghosszabb\u00edt\u00e1s\u00e1t is tartalmaznia kell. A hosszabb\u00edt\u00e1s ideje alatt az \u00f6szt\u00f6nd\u00edjasok nem kaphatnak \u00f6szt\u00f6nd\u00edjat, lakhat\u00e1si t\u00e1mogat\u00e1st.<\/p>\n<p>Els\u0151k\u00e9nt a 2020\/21-es tan\u00e9vben tanulm\u00e1nyaikat kezd\u0151 hallgat\u00f3kra kell alkalmazni, felmen\u0151 sorrendben. Int\u00e9zm\u00e9ny, szak \u00e9s\/vagy nyelvv\u00e1lt\u00e1shoz beny\u00fajtand\u00f3 dokumentumok:<\/p>\n<ul>\n<li>a hallgat\u00f3 \u00e1ltal al\u00e1\u00edrt k\u00e9r\u00e9s,<\/li>\n<li>a fogad\u00f3 int\u00e9zm\u00e9ny elfogad\u00f3 levele,<\/li>\n<li>a jelenlegi fogad\u00f3 int\u00e9zm\u00e9ny nyilatkozata.<\/li>\n<\/ul>\n<p>A hallgat\u00f3nak az int\u00e9zm\u00e9ny-, szak- \u00e9s\/vagy nyelvv\u00e1ltoztat\u00e1si k\u00e9relmet a k\u00f6telez\u0151 mell\u00e9kletekkel elektronikusan kell beny\u00fajtania az SiH Igazgat\u00f3s\u00e1ghoz.<\/p>\n<\/div><\/div><\/div><\/section>\n<section class='av_toggle_section av-19bg8mx-377544a573f678b4dae523a68a3bee31'  itemscope=\"itemscope\" itemprop=\"mainEntity\" itemtype=\"https:\/\/schema.org\/Question\" ><div role=\"tablist\" class=\"single_toggle\" data-tags=\"{Mind} \"  ><p data-fake-id='#toggle-id-12' class='toggler   av-inherit-font-color hasCustomColor av-inherit-border-color'  itemprop=\"name\"  role='tab' tabindex='0' aria-controls='toggle-id-12'>\u00d6szt\u00f6nd\u00edjask\u00e9nt k\u00e9rhetem a tanulm\u00e1nyi id\u0151szak meghosszabb\u00edt\u00e1s\u00e1t?<span class=\"toggle_icon\"><span class=\"vert_icon\"><\/span><span class=\"hor_icon\"><\/span><\/span><\/p><div id='toggle-id-12' class='toggle_wrap  '   itemscope=\"itemscope\" itemprop=\"acceptedAnswer\" itemtype=\"https:\/\/schema.org\/Answer\" ><div class='toggle_content invers-color av-inherit-font-color hasCustomColor av-inherit-border-color'  itemprop=\"text\" ><p>Az \u00f6szt\u00f6nd\u00edjasok \u00f6sszesen k\u00e9t szemeszterrel hosszabb\u00edthatj\u00e1k meg az \u00f6szt\u00f6nd\u00edjas id\u0151szakot, a k\u00e9relmet a fogad\u00f3 int\u00e9zm\u00e9nybe kell beny\u00fajtani. A j\u00f3v\u00e1hagy\u00e1st kap\u00f3k n\u00e9vsor\u00e1t az int\u00e9zm\u00e9ny megk\u00fcldi a Tempus K\u00f6zalap\u00edtv\u00e1nynak. A hosszabb\u00edt\u00e1s ideje alatt az \u00f6szt\u00f6nd\u00edjasok sem \u00f6szt\u00f6nd\u00edjat, sem lakhat\u00e1si t\u00e1mogat\u00e1st nem kaphatnak.<\/p>\n<\/div><\/div><\/div><\/section>\n<section class='av_toggle_section av-l6dswp-8abc435f402dccafc89ee687a4c6a15f'  itemscope=\"itemscope\" itemprop=\"mainEntity\" itemtype=\"https:\/\/schema.org\/Question\" ><div role=\"tablist\" class=\"single_toggle\" data-tags=\"{Mind} \"  ><p data-fake-id='#toggle-id-13' class='toggler   av-inherit-font-color hasCustomColor av-inherit-border-color'  itemprop=\"name\"  role='tab' tabindex='0' aria-controls='toggle-id-13'>Lehets\u00e9ges-e halaszt\u00e1st k\u00e9rni a tanulm\u00e1nyaim kezdet\u00e9n?<span class=\"toggle_icon\"><span class=\"vert_icon\"><\/span><span class=\"hor_icon\"><\/span><\/span><\/p><div id='toggle-id-13' class='toggle_wrap  '   itemscope=\"itemscope\" itemprop=\"acceptedAnswer\" itemtype=\"https:\/\/schema.org\/Answer\" ><div class='toggle_content invers-color av-inherit-font-color hasCustomColor av-inherit-border-color'  itemprop=\"text\" ><p>Kiz\u00e1r\u00f3lag eg\u00e9szs\u00e9g\u00fcgyi probl\u00e9m\u00e1k vagy a k\u00e9relmez\u0151 hib\u00e1j\u00e1n k\u00edv\u00fcl v\u00e1ratlan okok miatt van lehet\u0151s\u00e9g halaszt\u00e1sra. Ilyen vis maior eset eset\u00e9n valamilyen igazol\u00e1st (pl. orvosi igazol\u00e1st) kell beny\u00fajtani a Tanulm\u00e1nyi Magyarorsz\u00e1gon Igazgat\u00f3s\u00e1ghoz. Tempus K\u00f6zalap\u00edtv\u00e1ny \u00edr\u00e1sos \u00e9s al\u00e1\u00edrt k\u00e9relm\u00e9vel. A halaszt\u00e1st a fogad\u00f3 fels\u0151oktat\u00e1si int\u00e9zm\u00e9nynek is j\u00f3v\u00e1 kell hagynia. Azok a hallgat\u00f3k, akik m\u00e1r Magyarorsz\u00e1gra \u00e9rkeztek \u00e9s fels\u0151oktat\u00e1si int\u00e9zm\u00e9nybe beiratkoztak, halaszt\u00e1st nem k\u00e9rhetnek.<\/p>\n<p>(Tov\u00e1bbi inform\u00e1ci\u00f3 a M\u0171k\u00f6d\u00e9si Szab\u00e1lyzat III.25. pontj\u00e1ban.)<\/p>\n<\/div><\/div><\/div><\/section>\n<\/div>\n\n","protected":false},"excerpt":{"rendered":"","protected":false},"author":1,"featured_media":0,"parent":0,"menu_order":0,"comment_status":"closed","ping_status":"closed","template":"template-blank.php","meta":{"footnotes":""},"class_list":["post-11385","page","type-page","status-publish","hentry"],"_links":{"self":[{"href":"https:\/\/diasporascholarship.hu\/hu\/wp-json\/wp\/v2\/pages\/11385","targetHints":{"allow":["GET"]}}],"collection":[{"href":"https:\/\/diasporascholarship.hu\/hu\/wp-json\/wp\/v2\/pages"}],"about":[{"href":"https:\/\/diasporascholarship.hu\/hu\/wp-json\/wp\/v2\/types\/page"}],"author":[{"embeddable":true,"href":"https:\/\/diasporascholarship.hu\/hu\/wp-json\/wp\/v2\/users\/1"}],"replies":[{"embeddable":true,"href":"https:\/\/diasporascholarship.hu\/hu\/wp-json\/wp\/v2\/comments?post=11385"}],"version-history":[{"count":7,"href":"https:\/\/diasporascholarship.hu\/hu\/wp-json\/wp\/v2\/pages\/11385\/revisions"}],"predecessor-version":[{"id":14513,"href":"https:\/\/diasporascholarship.hu\/hu\/wp-json\/wp\/v2\/pages\/11385\/revisions\/14513"}],"wp:attachment":[{"href":"https:\/\/diasporascholarship.hu\/hu\/wp-json\/wp\/v2\/media?parent=11385"}],"curies":[{"name":"wp","href":"https:\/\/api.w.org\/{rel}","templated":true}]}}