{"id":7410,"date":"2021-10-15T10:43:11","date_gmt":"2021-10-15T08:43:11","guid":{"rendered":"https:\/\/diasporascholarship.hu\/?page_id=7410"},"modified":"2021-10-20T10:17:52","modified_gmt":"2021-10-20T08:17:52","slug":"privacy-policy-competition","status":"publish","type":"page","link":"https:\/\/diasporascholarship.hu\/en\/privacy-policy-competition\/","title":{"rendered":"Privacy policy &#8211; competition"},"content":{"rendered":"\n<style type=\"text\/css\" data-created_by=\"avia_inline_auto\" id=\"style-css-av-3kti5u-602fba0b31fbe0a8d2d1d6c1c7cc4345\">\n.flex_column.av-3kti5u-602fba0b31fbe0a8d2d1d6c1c7cc4345{\nborder-radius:0px 0px 0px 0px;\n-webkit-border-radius:0px 0px 0px 0px;\n-moz-border-radius:0px 0px 0px 0px;\n}\n<\/style>\n<div class='flex_column av-3kti5u-602fba0b31fbe0a8d2d1d6c1c7cc4345 av_one_full  avia-builder-el-0  el_before_av_hr  avia-builder-el-first  first flex_column_div av-zero-column-padding '   ><style type=\"text\/css\" data-created_by=\"avia_inline_auto\" id=\"style-css-av-kus4fyz9-6527ac9121b3608deda62ab657d87d53\">\n#top .av_textblock_section.av-kus4fyz9-6527ac9121b3608deda62ab657d87d53 .avia_textblock{\nfont-size:26px;\n}\n<\/style>\n<section  class='av_textblock_section av-kus4fyz9-6527ac9121b3608deda62ab657d87d53'  itemscope=\"itemscope\" itemtype=\"https:\/\/schema.org\/CreativeWork\" ><div class='avia_textblock'  itemprop=\"text\" ><p style=\"text-align: center;\"><strong>SHARE YOUR FAVOURITE PHOTO YOU TOOK IN HUNGARY &#8211; PRIVACY POLICY<\/strong><\/p>\n<\/div><\/section><\/div>\n<div  class='hr av-34p33m-24a4b260e7283bc87f8d70843902beea hr-default  avia-builder-el-2  el_after_av_one_full  el_before_av_one_fourth '><span class='hr-inner '><span class=\"hr-inner-style\"><\/span><\/span><\/div>\n\n<style type=\"text\/css\" data-created_by=\"avia_inline_auto\" id=\"style-css-av-5ohhfm-48bbc050e9cf24dcd77d86c1d85fce1d\">\n.flex_column.av-5ohhfm-48bbc050e9cf24dcd77d86c1d85fce1d{\nborder-radius:0px 0px 0px 0px;\n-webkit-border-radius:0px 0px 0px 0px;\n-moz-border-radius:0px 0px 0px 0px;\n}\n<\/style>\n<div class='flex_column av-5ohhfm-48bbc050e9cf24dcd77d86c1d85fce1d av_one_fourth  avia-builder-el-3  el_after_av_hr  el_before_av_one_half  first flex_column_div av-zero-column-padding '   ><\/div>\n\n<style type=\"text\/css\" data-created_by=\"avia_inline_auto\" id=\"style-css-av-4vje02-c77087273de0b818effeb7fd72e93c9c\">\n.flex_column.av-4vje02-c77087273de0b818effeb7fd72e93c9c{\nborder-radius:0px 0px 0px 0px;\n-webkit-border-radius:0px 0px 0px 0px;\n-moz-border-radius:0px 0px 0px 0px;\n}\n<\/style>\n<div class='flex_column av-4vje02-c77087273de0b818effeb7fd72e93c9c av_one_half  avia-builder-el-4  el_after_av_one_fourth  el_before_av_one_fourth  flex_column_div av-zero-column-padding '   ><section  class='av_textblock_section av-kus4xext-75f595ca48fb4bf640e9384ca3b6033a'  itemscope=\"itemscope\" itemtype=\"https:\/\/schema.org\/CreativeWork\" ><div class='avia_textblock'  itemprop=\"text\" ><p style=\"text-align: center;\"><strong>Participate in &#8220;Share your favourite photo you took in Hungary&#8221; campaign!<\/strong><\/p>\n<p><strong>About \u201cShare your favourite photo you took in Hungary\u201d campaign<\/strong><\/p>\n<p>What is your favourite photo that you took in Hungary as a Hungarian Diaspora Scholarship holder? Share with us under the official post of the game in the Hungarian Diaspora Scholarship Holders Facebook group and leave a sentence to describe why it is your favourite one. The best picture will become the new cover photo of the Hungarian Diaspora Scholarship Holders Facebook group!<\/p>\n<p><strong>Who can participate?<\/strong><\/p>\n<p>The campaign is open to all Hungarian Diaspora Scholarship holders studying currently in Hungary, who are the members of the Hungarian Diaspora Scholarship Holders Facebook group. Participants must be over 18-years-old.<\/p>\n<p><strong>Schedule<\/strong><\/p>\n<p>1)\u00a0\u00a0\u00a0\u00a0 The campaign period starts on 20 October and ends on 27 October, 2021. On 20 October, Tempus Public Foundation (the \u201cOrganizer\u201d) shares the official post of the \u201cShare your favourite photo you took in Hungary\u201d campaign in the Hungarian Diaspora Scholarship Holders Facebook group.<\/p>\n<p>2)\u00a0\u00a0\u00a0\u00a0 The deadline for sharing your photos under the post is 27 October, 9:00 (CET). You can only participate in the campaign if you share your photo below the original post of the game, posted in the Hungarian Diaspora Scholarship Holders Facebook group.<\/p>\n<p>3)\u00a0\u00a0\u00a0\u00a0 If a photo or comment you submit is found to be disruptive or offensive, the Organizer can exclude the commenter from the game and remove the comment.<\/p>\n<p>4)\u00a0\u00a0\u00a0\u00a0 At the end of the game, the Organizer will announce one winner among those who commented and shared their favourite photos below the official post. The photos are judged by a three-member jury from the employees of Tempus Public Foundation. The winner will be announced on 27 October until 17:00 PM (CET).<\/p>\n<p><strong>Winners\u2019 Selection and Notification<\/strong><\/p>\n<p>The Winner will be selected by a three-member jury under the supervision of Tempus Public Foundation. The Winner will be announced in the Hungarian Diaspora Scholarship Holders Facebook group on 27 October, 2021, until 17:00 PM (CET).<\/p>\n<p>The Organizer reserves the right not to announce a winner, if no photo and comment is shared below the post or if the photos do not meet the criteria listed in the Practicalities section.<\/p>\n<p><strong>Practicalities<\/strong><\/p>\n<p>Please be sure to pay such technical details as the following:<\/p>\n<ul>\n<li>Format: Horizontal<\/li>\n<li>Preferable size (but not criteria!): width: 820 px ; height: 360 px<\/li>\n<li>File format: jpg, png (uploaded in comment)<\/li>\n<\/ul>\n<p>The topic of the picture should be linked to <strong>\u201cShare your favourite photo you took in Hungary\u201d<\/strong> with the following ideas and suggestions:<\/p>\n<p>\u2022\u00a0\u00a0\u00a0\u00a0\u00a0\u00a0\u00a0\u00a0\u00a0\u00a0\u00a0\u00a0 Best experiences after arriving to Hungary<\/p>\n<p>\u2022\u00a0\u00a0\u00a0\u00a0\u00a0\u00a0\u00a0\u00a0\u00a0\u00a0\u00a0\u00a0 Famous Hungarian sights you visited and liked<\/p>\n<p>\u2022\u00a0\u00a0\u00a0\u00a0\u00a0\u00a0\u00a0\u00a0\u00a0\u00a0\u00a0\u00a0 Hungaricums that you visited \/ tasted \/ tried<\/p>\n<p><strong>Rules &amp; regulations<\/strong><\/p>\n<p>By sharing your photo and comment under the post of the game, You declare that You intend to participate in the \u201cShare your favourite photo you took in Hungary\u201d promotion campaign and You accept the following Terms and Conditions in full.<\/p>\n<p><strong>More information:<\/strong><\/p>\n<p>Tempus Public Foundation<\/p>\n<p>Krisztina Durmics-Szab\u00f3, junior communication officer<\/p>\n<p>krisztina.szabo@tpf.hu<\/p>\n<p style=\"text-align: center;\"><strong>TERMS AND CONDITIONS<\/strong><\/p>\n<p><strong>Management of exploitation rights<\/strong><\/p>\n<p>Participant grants a free, perpetual, irrevocable, non-exclusive and transferable license to use, reproduce, amend, adapt and alter (including but not limited to translation), publish, distribute, publicly execute and communicate the shared photo and comment (wholly or partially) on the websites and other forums of the Hungarian Diaspora Scholarship, including diasporascholarship.hu, studyinhungary.hu, and Study in Hungary Facebook page.<\/p>\n<p><strong>Exclusions<\/strong><\/p>\n<p>One person can submit only one comment with one photo during the game. You may not enter more times than indicated by using multiple email addresses, identities, or devices in an attempt to circumvent the rules. If You use fraudulent methods or otherwise attempt to circumvent the rules, your submission may be removed from eligibility at the sole discretion of the Organizer.<\/p>\n<p>The Organizer reserve the right to exclude the commenter from the game and remove the comment which could be considered discriminatory based on race, and\/or religion and\/or nationality; is violent, pornographic or of a sexual nature; is defamatory; incites hatred; contains reference to alcohol, drugs or illegal substances; is contrary to law or contains reference to ill-treatment of animals.<\/p>\n<p style=\"text-align: center;\"><strong>PRIVACY NOTICE AND INFORMATION ON THE PROCESSING OF PERSONAL DATA<\/strong><\/p>\n<p>Data Controller provides the following information to You as the Data Subject of personal data processed by the Tempus Public Foundation (hereinafter:\u00a0\u201cPrivacy Policy\u201d) in accordance with Regulation (EU) 2016\/679 of the European Parliament and of the Council of 27 April 2016 on the protection of natural persons with regard to the processing of personal data and on the free movement of such data, and repealing Directive 95\/46\/EC (General Data Protection Regulation;\u00a0\u201cGDPR\u201d) and Act CXII. of 2011 on Informational Self-determination and Freedom of Information (\u201cInfo Act\u201d)<\/p>\n<p><strong>Further glossary:<\/strong><\/p>\n<p><em><strong>Data processing:<\/strong><\/em> shall mean any operation or set of operations which is performed on personal data or on sets of personal data, whether or not by automated means, such as collection, recording, organisation, structuring, storage, adaptation or alteration, retrieval, consultation, use, disclosure by transmission, dissemination or otherwise making available, alignment or combination, restriction, erasure or destruction (under Article 4 2. of the GDPR).<\/p>\n<p><strong><em>Data Subject:<\/em> <\/strong>shall mean an identified or identifiable natural person (under Article 4 1. of the GDPR).<\/p>\n<p><em><strong>Data Subject\u2019s consent:<\/strong><\/em> shall mean any voluntary provided clear intention of the Data Subject that is based on specific and adequate information, whereby the concerned person declares by way of a statement or an explicit affirmative conduct that it provides its consent to the processing of its personal data.<\/p>\n<p><strong><em>Personal Data:<\/em><\/strong> shall mean any information relating to an identified or identifiable natural person (\u2018Data Subject\u2019); An identifiable natural person is one who can be identified, directly or indirectly, in particular by reference to an identifier such as a name, an identification number, location data, an on-line identifier or to one or more factors specific to the physical, physiological, genetic, mental, economic, cultural or social identity of that natural person (under Article 4 1. of the GDPR).<\/p>\n<p><strong><em>Organiser of the game:<\/em> <\/strong>Tempus Public Foundation is the Organizer of \u201cShare your favourite photo you took in Hungary\u201d campaign.<\/p>\n<p>The promotion is in no way sponsored, endorsed, administered by or associated with Facebook. The administrators of the Hungarian Diaspora Scholarship Holders Facebook group. do not share or forward personal data to Facebook.<\/p>\n<p><strong><em>Data Controller:<\/em><\/strong> Tempus Public Foundation (Tempus K\u00f6zalap\u00edtv\u00e1ny), who is the manager of the Hungarian Diaspora Scholarship Holders Facebook group.<\/p>\n<p>Address: 1077 Budapest K\u00e9thly Anna t\u00e9r 1<\/p>\n<p>Personal Data Officer: dr. G\u00e1bor Ugrai<\/p>\n<p>E-mail address: adatvedelem@tpf.hu<\/p>\n<p><em><strong>The legal base of data management:<\/strong><\/em> The Management of data is based on your voluntary, informed statement, which includes your explicit consent for the use of your personal data provided by your comment below the Campaign\u2019s post. (Legal basis is Article 6 (1) (a) \/consent of the data subject\/ of Regulation (EU) 2016\/679 (GDPR)).<\/p>\n<p><em><strong>Affected person:<\/strong><\/em> Hungarian Diaspora Scholarship holders<\/p>\n<p><em><strong>Source of personal data: \u00a0<\/strong><\/em>Participants in the campaign<\/p>\n<p><strong><em>Personal Data transmission:<\/em><\/strong> To the competent authorities upon request.<\/p>\n<p>As per the course of the Campaign, your comment, profile picture and user name will be displayed to the public and to those who are interested in the Study in Hungary Facebook page (i.e. fans and visitors).<\/p>\n<p><em><strong>Scope of the data management<\/strong><\/em><\/p>\n<p>In connection with the Campaign, we will manage the following personal data of the Winner and the Players:<\/p>\n<p>\u2022\u00a0\u00a0\u00a0\u00a0\u00a0\u00a0\u00a0\u00a0\u00a0\u00a0\u00a0\u00a0 name,<\/p>\n<p>\u2022\u00a0\u00a0\u00a0\u00a0\u00a0\u00a0\u00a0\u00a0\u00a0\u00a0\u00a0\u00a0 image<\/p>\n<p><em><strong>The purpose of the data management:<\/strong> <\/em>The Data Controller manages the Winner\u2019s data for the purpose of identifying the Winner and to keep in touch with the Winner in connection to the Campaign.<\/p>\n<p><em><strong>The duration of the data management:<\/strong><\/em> In the case of the Campaign, personal data will be processed until the purpose of data management is achieved, but at most until the Winner\u2019s voluntary consent is withdrawn. The Winner may withdraw his or her voluntary consent at any time, free of charge, by sending an e-mail to krisztina.szabo@tpf.hu.<\/p>\n<p style=\"text-align: center;\"><strong>YOUR DATA PROTECTION RIGHTS<\/strong><\/p>\n<p>Subject to certain legal conditions, you may request access to, rectification, erasure or restriction of processing of your personal data. You may also object to processing or request data portability. In particular, you have the right to request a copy of the personal data that we hold about you. If you make this request repeatedly, we may make an adequate charge for this. Please refer to Articles 15-22 of the EU General Data Protection Regulation for details on your data protection rights.<\/p>\n<p>If you have given us your consent for the processing of your personal you withdraw the consent at any time with future effect, i.e. the withdrawal of the consent does not affect the lawfulness of processing based on the consent before its withdrawal. In case consent is withdrawn, we may only further process the personal data where there is another legal ground for the processing.<\/p>\n<p>If you have any concerns about how your personal data is handled by us or wish to raise a complaint, you can contact us at the contact details below to have the matter investigated (adatvedelem@tpf.hu). If you are not satisfied with our response or believe we are processing your personal data not in accordance with the law you can complain to the competent data protection supervisory authority in your country.<\/p>\n<p><strong>Legal remedy:<\/strong><\/p>\n<p>In the case of complaint on processing operation by Data Controller you may apply Data Controller\u2019s data protection officer: adatvedelem@tpf.hu. You can apply to the Hungarian National Authority for Data Protection and Freedom of Information (contact details: (www.naih.hu), seat address:\u00a01055 Budapest, Falk Miksa utca 9-11., postal address:\u00a01363 Budapest, Pf. 9.., +36 (1) 391-1400, fax: +36 (1) 391-1410, e-mail address:\u00a0\u00a0ugyfelszolgalat@naih.hu), or to the competent court with a complaint regarding the processing of Your personal data by Tempus K\u00f6zalap\u00edtv\u00e1ny or by any data processor assigned thereby.<\/p>\n<p>Budapest, 20 October, 2021<\/p>\n<\/div><\/section><\/div>\n<style type=\"text\/css\" data-created_by=\"avia_inline_auto\" id=\"style-css-av-2de5aq-9e40d835904286129b2bd13e7b7bbef7\">\n.flex_column.av-2de5aq-9e40d835904286129b2bd13e7b7bbef7{\nborder-radius:0px 0px 0px 0px;\n-webkit-border-radius:0px 0px 0px 0px;\n-moz-border-radius:0px 0px 0px 0px;\n}\n<\/style>\n<div class='flex_column av-2de5aq-9e40d835904286129b2bd13e7b7bbef7 av_one_fourth  avia-builder-el-6  el_after_av_one_half  avia-builder-el-last  flex_column_div av-zero-column-padding '   ><\/div><\/p>\n","protected":false},"excerpt":{"rendered":"","protected":false},"author":2,"featured_media":0,"parent":0,"menu_order":0,"comment_status":"closed","ping_status":"closed","template":"","meta":{"footnotes":""},"class_list":["post-7410","page","type-page","status-publish","hentry"],"_links":{"self":[{"href":"https:\/\/diasporascholarship.hu\/en\/wp-json\/wp\/v2\/pages\/7410","targetHints":{"allow":["GET"]}}],"collection":[{"href":"https:\/\/diasporascholarship.hu\/en\/wp-json\/wp\/v2\/pages"}],"about":[{"href":"https:\/\/diasporascholarship.hu\/en\/wp-json\/wp\/v2\/types\/page"}],"author":[{"embeddable":true,"href":"https:\/\/diasporascholarship.hu\/en\/wp-json\/wp\/v2\/users\/2"}],"replies":[{"embeddable":true,"href":"https:\/\/diasporascholarship.hu\/en\/wp-json\/wp\/v2\/comments?post=7410"}],"version-history":[{"count":0,"href":"https:\/\/diasporascholarship.hu\/en\/wp-json\/wp\/v2\/pages\/7410\/revisions"}],"wp:attachment":[{"href":"https:\/\/diasporascholarship.hu\/en\/wp-json\/wp\/v2\/media?parent=7410"}],"curies":[{"name":"wp","href":"https:\/\/api.w.org\/{rel}","templated":true}]}}